{"id":113939,"date":"2025-12-10T03:06:34","date_gmt":"2025-12-10T00:06:34","guid":{"rendered":"https:\/\/baldumarket.lt\/product\/system-mossa-mo5-komoda-3d-dab-whisky-3\/"},"modified":"2026-02-03T23:41:04","modified_gmt":"2026-02-03T20:41:04","slug":"system-mossa-mo5-komoda-3d-dab-whisky-3","status":"publish","type":"product","link":"https:\/\/baldumarket.lt\/lt\/product\/system-mossa-mo5-komoda-3d-dab-whisky-3\/","title":{"rendered":"\u201eMOSSA\u201c MO5 sistema (3D komoda) \u2013 visko \u0105\u017euolo spalvos"},"content":{"rendered":"<p>Papildoma parinktis: LED ap\u0161vietimas 1<\/p>","protected":false},"excerpt":{"rendered":"<p>Papildoma parinktis: LED ap\u0161vietimas 1<\/p>","protected":false},"featured_media":113940,"comment_status":"open","ping_status":"open","template":"","meta":[],"product_brand":[],"product_cat":[9288,1173,2455],"product_tag":[],"class_list":{"0":"post-113939","1":"product","2":"type-product","3":"status-publish","4":"has-post-thumbnail","6":"product_cat-furniture-system-mossa-dolmar","7":"product_cat-chests-of-drawers","8":"product_cat-dolmar","10":"first","11":"instock","12":"purchasable","13":"product-type-simple"},"_links":{"self":[{"href":"https:\/\/baldumarket.lt\/lt\/wp-json\/wp\/v2\/product\/113939","targetHints":{"allow":["GET"]}}],"collection":[{"href":"https:\/\/baldumarket.lt\/lt\/wp-json\/wp\/v2\/product"}],"about":[{"href":"https:\/\/baldumarket.lt\/lt\/wp-json\/wp\/v2\/types\/product"}],"replies":[{"embeddable":true,"href":"https:\/\/baldumarket.lt\/lt\/wp-json\/wp\/v2\/comments?post=113939"}],"wp:featuredmedia":[{"embeddable":true,"href":"https:\/\/baldumarket.lt\/lt\/wp-json\/wp\/v2\/media\/113940"}],"wp:attachment":[{"href":"https:\/\/baldumarket.lt\/lt\/wp-json\/wp\/v2\/media?parent=113939"}],"wp:term":[{"taxonomy":"product_brand","embeddable":true,"href":"https:\/\/baldumarket.lt\/lt\/wp-json\/wp\/v2\/product_brand?post=113939"},{"taxonomy":"product_cat","embeddable":true,"href":"https:\/\/baldumarket.lt\/lt\/wp-json\/wp\/v2\/product_cat?post=113939"},{"taxonomy":"product_tag","embeddable":true,"href":"https:\/\/baldumarket.lt\/lt\/wp-json\/wp\/v2\/product_tag?post=113939"}],"curies":[{"name":"wp","href":"https:\/\/api.w.org\/{rel}","templated":true}]}}