{"id":113911,"date":"2025-12-10T03:06:09","date_gmt":"2025-12-10T00:06:09","guid":{"rendered":"https:\/\/baldumarket.lt\/product\/system-mossa-mo3-witryna-1d-dab-whisky\/"},"modified":"2026-02-03T23:41:05","modified_gmt":"2026-02-03T20:41:05","slug":"system-mossa-mo3-witryna-1d-dab-whisky","status":"publish","type":"product","link":"https:\/\/baldumarket.lt\/lt\/product\/system-mossa-mo3-witryna-1d-dab-whisky\/","title":{"rendered":"\u201eMOSSA\u201c MO3 sistema (1D vitrina) \u2013 viskio \u0105\u017euolas"},"content":{"rendered":"<p>Papildoma parinktis: LED ap\u0161vietimas 2<\/p>","protected":false},"excerpt":{"rendered":"<p>Papildoma parinktis: LED ap\u0161vietimas 2<\/p>","protected":false},"featured_media":113912,"comment_status":"open","ping_status":"open","template":"","meta":[],"product_brand":[],"product_cat":[9288,2455,2006],"product_tag":[],"class_list":{"0":"post-113911","1":"product","2":"type-product","3":"status-publish","4":"has-post-thumbnail","6":"product_cat-furniture-system-mossa-dolmar","7":"product_cat-dolmar","8":"product_cat-vitrines","10":"first","11":"instock","12":"purchasable","13":"product-type-simple"},"_links":{"self":[{"href":"https:\/\/baldumarket.lt\/lt\/wp-json\/wp\/v2\/product\/113911","targetHints":{"allow":["GET"]}}],"collection":[{"href":"https:\/\/baldumarket.lt\/lt\/wp-json\/wp\/v2\/product"}],"about":[{"href":"https:\/\/baldumarket.lt\/lt\/wp-json\/wp\/v2\/types\/product"}],"replies":[{"embeddable":true,"href":"https:\/\/baldumarket.lt\/lt\/wp-json\/wp\/v2\/comments?post=113911"}],"wp:featuredmedia":[{"embeddable":true,"href":"https:\/\/baldumarket.lt\/lt\/wp-json\/wp\/v2\/media\/113912"}],"wp:attachment":[{"href":"https:\/\/baldumarket.lt\/lt\/wp-json\/wp\/v2\/media?parent=113911"}],"wp:term":[{"taxonomy":"product_brand","embeddable":true,"href":"https:\/\/baldumarket.lt\/lt\/wp-json\/wp\/v2\/product_brand?post=113911"},{"taxonomy":"product_cat","embeddable":true,"href":"https:\/\/baldumarket.lt\/lt\/wp-json\/wp\/v2\/product_cat?post=113911"},{"taxonomy":"product_tag","embeddable":true,"href":"https:\/\/baldumarket.lt\/lt\/wp-json\/wp\/v2\/product_tag?post=113911"}],"curies":[{"name":"wp","href":"https:\/\/api.w.org\/{rel}","templated":true}]}}