{"id":113897,"date":"2025-12-10T03:05:56","date_gmt":"2025-12-10T00:05:56","guid":{"rendered":"https:\/\/baldumarket.lt\/product\/system-mossa-mo12-lozko-cloud-03\/"},"modified":"2026-02-03T23:41:06","modified_gmt":"2026-02-03T20:41:06","slug":"system-mossa-mo12-lozko-cloud-03","status":"publish","type":"product","link":"https:\/\/baldumarket.lt\/lt\/product\/system-mossa-mo12-lozko-cloud-03\/","title":{"rendered":"Sistema \u201eMOSSA\u201c MO12 (Lova) \u2013 Debesis 03"},"content":{"rendered":"<p>Mink\u0161ta miegamojo lova. Galv\u016bgalio auk\u0161tis: 101 cm.<br \/>\nGalv\u016bgalio gylis: 6 cm<br \/>\nKoj\u016bgalio auk\u0161tis: 33 cm<br \/>\nKoj\u016bgalio gylis: 3 cm<br \/>\n\u0160oninis auk\u0161tis: 33 cm<br \/>\n\u0160oninis gylis: 3 cm<br \/>\nIlgis: 210 cm<br \/>\nPlotis: 126 cm<br \/>\nKojos auk\u0161tis: 2,5 cm<br \/>\nMetalinis r\u0117mas su i\u0161lenktomis skersin\u0117mis (dujinis keltuvas): 48 vnt.<br \/>\nSu lova suderinami \u010diu\u017einiai:<\/p>\n<p>200 x 120 x 17 PO<br \/>\nKI\u0160ENINIS \u010cIU\u017dINYS<\/p>\n<p>200 x 120 x 18 POK<br \/>\nKI\u0160ENINIS \u010cIU\u017dINYS + KOKOSAS<\/p>\n<p>200 x 120 x 19 POK<br \/>\nKI\u0160ENINIS \u010cIU\u017dINYS + LATEKSAS<\/p>\n<p>200 x 120 x 20 POP<br \/>\nKI\u0160ENINIS \u010cIU\u017dINYS + MEMORY FOAM<\/p>","protected":false},"excerpt":{"rendered":"<p>Mink\u0161ta miegamojo lova. Galv\u016bgalio auk\u0161tis: 101 cm. Galv\u016bgalio gylis: 6 cm. Koj\u016bgalio auk\u0161tis: 33 cm. Koj\u016bgalio gylis: 3 cm. \u0160onini\u0173 dali\u0173 auk\u0161tis: 33 cm. \u0160onini\u0173 dali\u0173 gylis: 3 cm. Ilgis: 210 cm. Plotis: 126 cm. Kojeli\u0173 auk\u0161tis: 2,5 cm. Metalinis r\u0117mas su lenktomis grotel\u0117mis (dujinis liftas): 48 vnt.. Lovai tinkami \u010diu\u017einiai: 200 x 120 x [\u2026]<\/p>","protected":false},"featured_media":113898,"comment_status":"open","ping_status":"open","template":"","meta":[],"product_brand":[],"product_cat":[9288,505,2455],"product_tag":[],"class_list":{"0":"post-113897","1":"product","2":"type-product","3":"status-publish","4":"has-post-thumbnail","6":"product_cat-furniture-system-mossa-dolmar","7":"product_cat-bedroom-beds","8":"product_cat-dolmar","10":"first","11":"instock","12":"purchasable","13":"product-type-simple"},"_links":{"self":[{"href":"https:\/\/baldumarket.lt\/lt\/wp-json\/wp\/v2\/product\/113897","targetHints":{"allow":["GET"]}}],"collection":[{"href":"https:\/\/baldumarket.lt\/lt\/wp-json\/wp\/v2\/product"}],"about":[{"href":"https:\/\/baldumarket.lt\/lt\/wp-json\/wp\/v2\/types\/product"}],"replies":[{"embeddable":true,"href":"https:\/\/baldumarket.lt\/lt\/wp-json\/wp\/v2\/comments?post=113897"}],"wp:featuredmedia":[{"embeddable":true,"href":"https:\/\/baldumarket.lt\/lt\/wp-json\/wp\/v2\/media\/113898"}],"wp:attachment":[{"href":"https:\/\/baldumarket.lt\/lt\/wp-json\/wp\/v2\/media?parent=113897"}],"wp:term":[{"taxonomy":"product_brand","embeddable":true,"href":"https:\/\/baldumarket.lt\/lt\/wp-json\/wp\/v2\/product_brand?post=113897"},{"taxonomy":"product_cat","embeddable":true,"href":"https:\/\/baldumarket.lt\/lt\/wp-json\/wp\/v2\/product_cat?post=113897"},{"taxonomy":"product_tag","embeddable":true,"href":"https:\/\/baldumarket.lt\/lt\/wp-json\/wp\/v2\/product_tag?post=113897"}],"curies":[{"name":"wp","href":"https:\/\/api.w.org\/{rel}","templated":true}]}}