{"id":113893,"date":"2025-12-10T03:05:53","date_gmt":"2025-12-10T00:05:53","guid":{"rendered":"https:\/\/baldumarket.lt\/product\/materac-200x180-pocket\/"},"modified":"2026-02-03T23:41:06","modified_gmt":"2026-02-03T20:41:06","slug":"materac-200x180-pocket","status":"publish","type":"product","link":"https:\/\/baldumarket.lt\/lt\/product\/materac-200x180-pocket\/","title":{"rendered":"200&#215;180 ki\u0161eninis \u010diu\u017einys"},"content":{"rendered":"<p>Auk\u0161tis: 17 cm<br \/>\nTvirtumas: H3\/H3<br \/>\n\u010ciu\u017einio \u0161erdis yra ki\u0161enin\u0117s formos su 7 skirtingo kietumo zonomis.<br \/>\nKi\u0161en\u0117s formos \u0161erdis yra apgaubta T25 poliuretano putomis, kurios yra atsparios deformacijai, lanks\u010dios ir patvarios. \u0160iam \u010diu\u017einiui tinkan\u010dios lovos:<\/p>\n<p>Marika 180\u00d7200<br \/>\nPu\u0161is ant balto<\/p>\n<p>Marika 180\u00d7200<br \/>\nPu\u0161is ant antracito<\/p>\n<p>Marika 180\u00d7200<br \/>\nNat\u016brali pu\u0161is<\/p>\n<p>Marika 180\u00d7200<br \/>\nPu\u0161is ant rie\u0161utmed\u017eio<\/p>\n<p>Roma 180\u00d7200<br \/>\nPu\u0161is ant balto<\/p>\n<p>Roma 180\u00d7200<br \/>\nPu\u0161is ant antracito<\/p>\n<p>Roma 180\u00d7200<br \/>\nNat\u016brali pu\u0161is<\/p>\n<p>Roma 180\u00d7200<br \/>\nPu\u0161is ant rie\u0161utmed\u017eio<\/p>\n<p>Laura 180\u00d7200<br \/>\nPu\u0161is ant balto<\/p>\n<p>Laura 180\u00d7200<br \/>\nPu\u0161is ant antracito<\/p>\n<p>\u00a0<\/p>","protected":false},"excerpt":{"rendered":"<p>Height: 17 cm Firmness: H3\/H3 The core of the mattress is a pocket-shaped mattress with 7 zones of varying firmness. The pocket-shaped core is surrounded by T25 polyurethane foam, which is deformation-resistant, flexible, and durable. Beds matching this mattress: Marika 180&#215;200 Pine on White Marika 180&#215;200 Pine on Anthracite Marika 180&#215;200 Natural Pine Marika 180&#215;200 [&hellip;]<\/p>","protected":false},"featured_media":113894,"comment_status":"open","ping_status":"open","template":"","meta":[],"product_brand":[],"product_cat":[9297,2455,1099],"product_tag":[],"class_list":{"0":"post-113893","1":"product","2":"type-product","3":"status-publish","4":"has-post-thumbnail","6":"product_cat-mattresses-dolmar","7":"product_cat-dolmar","8":"product_cat-mattresses","10":"first","11":"instock","12":"purchasable","13":"product-type-simple"},"_links":{"self":[{"href":"https:\/\/baldumarket.lt\/lt\/wp-json\/wp\/v2\/product\/113893","targetHints":{"allow":["GET"]}}],"collection":[{"href":"https:\/\/baldumarket.lt\/lt\/wp-json\/wp\/v2\/product"}],"about":[{"href":"https:\/\/baldumarket.lt\/lt\/wp-json\/wp\/v2\/types\/product"}],"replies":[{"embeddable":true,"href":"https:\/\/baldumarket.lt\/lt\/wp-json\/wp\/v2\/comments?post=113893"}],"wp:featuredmedia":[{"embeddable":true,"href":"https:\/\/baldumarket.lt\/lt\/wp-json\/wp\/v2\/media\/113894"}],"wp:attachment":[{"href":"https:\/\/baldumarket.lt\/lt\/wp-json\/wp\/v2\/media?parent=113893"}],"wp:term":[{"taxonomy":"product_brand","embeddable":true,"href":"https:\/\/baldumarket.lt\/lt\/wp-json\/wp\/v2\/product_brand?post=113893"},{"taxonomy":"product_cat","embeddable":true,"href":"https:\/\/baldumarket.lt\/lt\/wp-json\/wp\/v2\/product_cat?post=113893"},{"taxonomy":"product_tag","embeddable":true,"href":"https:\/\/baldumarket.lt\/lt\/wp-json\/wp\/v2\/product_tag?post=113893"}],"curies":[{"name":"wp","href":"https:\/\/api.w.org\/{rel}","templated":true}]}}