{"id":113879,"date":"2025-12-10T03:05:41","date_gmt":"2025-12-10T00:05:41","guid":{"rendered":"https:\/\/baldumarket.lt\/product\/materac-200x90-pocketlateks\/"},"modified":"2026-02-03T23:41:07","modified_gmt":"2026-02-03T20:41:07","slug":"materac-200x90-pocketlateks","status":"publish","type":"product","link":"https:\/\/baldumarket.lt\/lt\/product\/materac-200x90-pocketlateks\/","title":{"rendered":"\u010ciu\u017einys 200\u00d790 ki\u0161eninis + lateksas"},"content":{"rendered":"<p>Storis: 19 cm<br \/>\nTvirtumas: H3\/H3<br \/>\n\u010ciu\u017einio \u0161erdis yra ki\u0161enin\u0117s formos su 7 skirtingo kietumo zonomis.<br \/>\nKi\u0161en\u0117s formos \u0161erdis i\u0161 vienos pus\u0117s apgaubta T25 poliuretano putomis, o i\u0161 kitos \u2013 lateksu.<br \/>\n2 cm storio lateksas pasi\u017eymi antialergin\u0117mis savyb\u0117mis ir u\u017etikrina tinkam\u0105 kv\u0117pavim\u0105 d\u0117l oro kanal\u0173 naudojimo, tuo pa\u010diu suteikdamas ger\u0105 k\u016bno atram\u0105. Lovos, atitinkan\u010dios \u010diu\u017ein\u012f:<\/p>\n<p>Kosma 90\u00d7200<br \/>\nPu\u0161is ant balto<\/p>\n<p>Kosma 90\u00d7200<br \/>\nPu\u0161is ant antracito<\/p>\n<p>Kosma 90\u00d7200<br \/>\nNat\u016brali pu\u0161is<\/p>\n<p>Kosma 90\u00d7200<br \/>\nPu\u0161is ant rie\u0161utmed\u017eio<\/p>\n<p>Marika 90\u00d7200<br \/>\nPu\u0161is ant balto<\/p>\n<p>Marika 90\u00d7200<br \/>\nPu\u0161is ant antracito<\/p>\n<p>Marika 90\u00d7200<br \/>\nNat\u016brali pu\u0161is<\/p>\n<p>Marika 90\u00d7200<br \/>\nPu\u0161is ant rie\u0161utmed\u017eio<\/p>\n<p>Roma 90\u00d7200<br \/>\nPu\u0161is ant balto<\/p>\n<p>Roma 90\u00d7200<br \/>\nPu\u0161is ant antracito<\/p>\n<p>Roma 90\u00d7200<br \/>\nNat\u016brali pu\u0161is<\/p>\n<p>Roma 90\u00d7200<br \/>\nPu\u0161is ant rie\u0161utmed\u017eio<\/p>\n<p>Laura 90\u00d7200<br \/>\nPu\u0161is ant balto<\/p>\n<p>Laura 90\u00d7200<br \/>\nPu\u0161is ant antracito<\/p>","protected":false},"excerpt":{"rendered":"<p>Storis: 19 cm Kietumas: H3\/H3 \u010ciu\u017einio \u0161erdis yra ki\u0161en\u0117s formos su 7 skirtingo kietumo zonomis. Ki\u0161en\u0117s formos \u0161erd\u012f i\u0161 vienos pus\u0117s gaubia T25 poliuretano putos, o i\u0161 kitos \u2013 lateksas. 2 cm storio lateksas pasi\u017eymi antialergin\u0117mis savyb\u0117mis ir u\u017etikrina tinkam\u0105 kv\u0117pavim\u0105 d\u0117l oro [\u2026]<\/p>","protected":false},"featured_media":113880,"comment_status":"open","ping_status":"open","template":"","meta":[],"product_brand":[],"product_cat":[9297,2455,1099],"product_tag":[],"class_list":{"0":"post-113879","1":"product","2":"type-product","3":"status-publish","4":"has-post-thumbnail","6":"product_cat-mattresses-dolmar","7":"product_cat-dolmar","8":"product_cat-mattresses","10":"first","11":"instock","12":"purchasable","13":"product-type-simple"},"_links":{"self":[{"href":"https:\/\/baldumarket.lt\/lt\/wp-json\/wp\/v2\/product\/113879","targetHints":{"allow":["GET"]}}],"collection":[{"href":"https:\/\/baldumarket.lt\/lt\/wp-json\/wp\/v2\/product"}],"about":[{"href":"https:\/\/baldumarket.lt\/lt\/wp-json\/wp\/v2\/types\/product"}],"replies":[{"embeddable":true,"href":"https:\/\/baldumarket.lt\/lt\/wp-json\/wp\/v2\/comments?post=113879"}],"wp:featuredmedia":[{"embeddable":true,"href":"https:\/\/baldumarket.lt\/lt\/wp-json\/wp\/v2\/media\/113880"}],"wp:attachment":[{"href":"https:\/\/baldumarket.lt\/lt\/wp-json\/wp\/v2\/media?parent=113879"}],"wp:term":[{"taxonomy":"product_brand","embeddable":true,"href":"https:\/\/baldumarket.lt\/lt\/wp-json\/wp\/v2\/product_brand?post=113879"},{"taxonomy":"product_cat","embeddable":true,"href":"https:\/\/baldumarket.lt\/lt\/wp-json\/wp\/v2\/product_cat?post=113879"},{"taxonomy":"product_tag","embeddable":true,"href":"https:\/\/baldumarket.lt\/lt\/wp-json\/wp\/v2\/product_tag?post=113879"}],"curies":[{"name":"wp","href":"https:\/\/api.w.org\/{rel}","templated":true}]}}