{"id":113877,"date":"2025-12-10T03:05:39","date_gmt":"2025-12-10T00:05:39","guid":{"rendered":"https:\/\/baldumarket.lt\/product\/system-lamelo-la26-lozko-z-podnosnikiem-czarny\/"},"modified":"2026-02-03T23:41:07","modified_gmt":"2026-02-03T20:41:07","slug":"system-lamelo-la26-lozko-z-podnosnikiem-czarny","status":"publish","type":"product","link":"https:\/\/baldumarket.lt\/lt\/product\/system-lamelo-la26-lozko-z-podnosnikiem-czarny\/","title":{"rendered":"\u201eLAMELO\u201c LA26 sistema (pakeliama lova) \u2013 juoda"},"content":{"rendered":"<p>Lova su metaliniu r\u0117mu ir patalyn\u0117s d\u0117\u017ee. Pagaminta i\u0161: galv\u016bgalio: 38 mm laminuotos med\u017eio dro\u017eli\u0173 plok\u0161t\u0117s \u201eWotan Oak\u201c, koj\u016bgalio, \u0161on\u0173: 22 mm laminuotos med\u017eio dro\u017eli\u0173 plok\u0161t\u0117s \u201eWotan Oak\u201c, PVC kra\u0161t\u0173, 2 x patalyn\u0117s d\u0117\u017ei\u0173, 1 x metalinio lovos r\u0117mo su lenktomis grotel\u0117mis, 48 \u200b\u200bx lenktos grotel\u0117s, 2 x dujinio pak\u0117limo.<\/p>","protected":false},"excerpt":{"rendered":"<p>Lova su metaliniu r\u0117mu ir patalyn\u0117s d\u0117\u017ee. Pagaminta i\u0161: galv\u016bgalio: 38 mm laminuotos med\u017eio dro\u017eli\u0173 plok\u0161t\u0117s \u201eWotan Oak\u201c, koj\u016bgalio, \u0161on\u0173: 22 mm laminuotos med\u017eio dro\u017eli\u0173 plok\u0161t\u0117s \u201eWotan Oak\u201c, PVC kra\u0161t\u0173, 2 x patalyn\u0117s d\u0117\u017ei\u0173, 1 x metalinio lovos r\u0117mo su lenktomis grotel\u0117mis, 48 \u200b\u200bx lenktos grotel\u0117s, 2 x dujinio pak\u0117limo.<\/p>","protected":false},"featured_media":113878,"comment_status":"open","ping_status":"open","template":"","meta":[],"product_brand":[],"product_cat":[9286,9282,505,2455],"product_tag":[],"class_list":{"0":"post-113877","1":"product","2":"type-product","3":"status-publish","4":"has-post-thumbnail","6":"product_cat-furniture-system-lamelo-dolmar","7":"product_cat-wooden-beds-dolmar","8":"product_cat-bedroom-beds","9":"product_cat-dolmar","11":"first","12":"instock","13":"purchasable","14":"product-type-simple"},"_links":{"self":[{"href":"https:\/\/baldumarket.lt\/lt\/wp-json\/wp\/v2\/product\/113877","targetHints":{"allow":["GET"]}}],"collection":[{"href":"https:\/\/baldumarket.lt\/lt\/wp-json\/wp\/v2\/product"}],"about":[{"href":"https:\/\/baldumarket.lt\/lt\/wp-json\/wp\/v2\/types\/product"}],"replies":[{"embeddable":true,"href":"https:\/\/baldumarket.lt\/lt\/wp-json\/wp\/v2\/comments?post=113877"}],"wp:featuredmedia":[{"embeddable":true,"href":"https:\/\/baldumarket.lt\/lt\/wp-json\/wp\/v2\/media\/113878"}],"wp:attachment":[{"href":"https:\/\/baldumarket.lt\/lt\/wp-json\/wp\/v2\/media?parent=113877"}],"wp:term":[{"taxonomy":"product_brand","embeddable":true,"href":"https:\/\/baldumarket.lt\/lt\/wp-json\/wp\/v2\/product_brand?post=113877"},{"taxonomy":"product_cat","embeddable":true,"href":"https:\/\/baldumarket.lt\/lt\/wp-json\/wp\/v2\/product_cat?post=113877"},{"taxonomy":"product_tag","embeddable":true,"href":"https:\/\/baldumarket.lt\/lt\/wp-json\/wp\/v2\/product_tag?post=113877"}],"curies":[{"name":"wp","href":"https:\/\/api.w.org\/{rel}","templated":true}]}}