{"id":113875,"date":"2025-12-10T03:05:37","date_gmt":"2025-12-10T00:05:37","guid":{"rendered":"https:\/\/baldumarket.lt\/product\/system-lamelo-la21-komoda-3d4s-czarny\/"},"modified":"2026-02-03T23:41:07","modified_gmt":"2026-02-03T20:41:07","slug":"system-lamelo-la21-komoda-3d4s-czarny","status":"publish","type":"product","link":"https:\/\/baldumarket.lt\/lt\/product\/system-lamelo-la21-komoda-3d4s-czarny\/","title":{"rendered":"Sistema \u201eLAMELO\u201c LA21 (3D4S komoda) &#8211; juoda"},"content":{"rendered":"<p>Komoda su trimis durel\u0117mis ir keturiais stal\u010diais. Pagaminta i\u0161: korpuso: 16 mm Wotan \u0105\u017euolo laminuotos med\u017eio dro\u017eli\u0173 plok\u0161t\u0117s, fasado: 16 mm juodos matin\u0117s laminuotos med\u017eio dro\u017eli\u0173 plok\u0161t\u0117s, vir\u0161aus: 22 mm Wotan \u0105\u017euolo laminuotos med\u017eio dro\u017eli\u0173 plok\u0161t\u0117s, vidaus: 2 lentynos, 4 stal\u010diai ant b\u0117geli\u0173, plastikin\u0117s rankenos, PVC kra\u0161to.<\/p>","protected":false},"excerpt":{"rendered":"<p>Komoda su trimis durel\u0117mis ir keturiais stal\u010diais. Pagaminta i\u0161: korpuso: 16 mm Wotan \u0105\u017euolo laminuotos med\u017eio dro\u017eli\u0173 plok\u0161t\u0117s, fasado: 16 mm juodos matin\u0117s laminuotos med\u017eio dro\u017eli\u0173 plok\u0161t\u0117s, vir\u0161aus: 22 mm Wotan \u0105\u017euolo laminuotos med\u017eio dro\u017eli\u0173 plok\u0161t\u0117s, vidaus: 2 lentynos, 4 stal\u010diai ant b\u0117geli\u0173, plastikin\u0117s rankenos, PVC kra\u0161to.<\/p>","protected":false},"featured_media":113876,"comment_status":"open","ping_status":"open","template":"","meta":[],"product_brand":[],"product_cat":[9286,1173,2455],"product_tag":[],"class_list":{"0":"post-113875","1":"product","2":"type-product","3":"status-publish","4":"has-post-thumbnail","6":"product_cat-furniture-system-lamelo-dolmar","7":"product_cat-chests-of-drawers","8":"product_cat-dolmar","10":"first","11":"instock","12":"purchasable","13":"product-type-simple"},"_links":{"self":[{"href":"https:\/\/baldumarket.lt\/lt\/wp-json\/wp\/v2\/product\/113875","targetHints":{"allow":["GET"]}}],"collection":[{"href":"https:\/\/baldumarket.lt\/lt\/wp-json\/wp\/v2\/product"}],"about":[{"href":"https:\/\/baldumarket.lt\/lt\/wp-json\/wp\/v2\/types\/product"}],"replies":[{"embeddable":true,"href":"https:\/\/baldumarket.lt\/lt\/wp-json\/wp\/v2\/comments?post=113875"}],"wp:featuredmedia":[{"embeddable":true,"href":"https:\/\/baldumarket.lt\/lt\/wp-json\/wp\/v2\/media\/113876"}],"wp:attachment":[{"href":"https:\/\/baldumarket.lt\/lt\/wp-json\/wp\/v2\/media?parent=113875"}],"wp:term":[{"taxonomy":"product_brand","embeddable":true,"href":"https:\/\/baldumarket.lt\/lt\/wp-json\/wp\/v2\/product_brand?post=113875"},{"taxonomy":"product_cat","embeddable":true,"href":"https:\/\/baldumarket.lt\/lt\/wp-json\/wp\/v2\/product_cat?post=113875"},{"taxonomy":"product_tag","embeddable":true,"href":"https:\/\/baldumarket.lt\/lt\/wp-json\/wp\/v2\/product_tag?post=113875"}],"curies":[{"name":"wp","href":"https:\/\/api.w.org\/{rel}","templated":true}]}}