{"id":113871,"date":"2025-12-10T03:05:34","date_gmt":"2025-12-10T00:05:34","guid":{"rendered":"https:\/\/baldumarket.lt\/product\/system-lamelo-la19-szafa-2400-czarny\/"},"modified":"2026-02-03T23:41:07","modified_gmt":"2026-02-03T20:41:07","slug":"system-lamelo-la19-szafa-2400-czarny","status":"publish","type":"product","link":"https:\/\/baldumarket.lt\/lt\/product\/system-lamelo-la19-szafa-2400-czarny\/","title":{"rendered":"Sistema \u201eLAMELO\u201c LA19 (drabu\u017ein\u0117 2400) \u2013 juoda"},"content":{"rendered":"<p>Trij\u0173 dur\u0173 spinta su veidrod\u017eiu. Pagaminta i\u0161: korpuso: 16 mm Wotan \u0105\u017euolo laminuotos med\u017eio dro\u017eli\u0173 plok\u0161t\u0117s, fasad\u0173: 16 mm Wotan \u0105\u017euolo laminuotos med\u017eio dro\u017eli\u0173 plok\u0161t\u0117s, juodos matin\u0117s spalvos, vir\u0161aus: 22 mm Wotan \u0105\u017euolo laminuotos med\u017eio dro\u017eli\u0173 plok\u0161t\u0117s, vidaus: 2 x b\u0117geliai ir 8 x lentynos, 1 x veidrodis, plastikin\u0117s rankenos, PVC kra\u0161to.<\/p>","protected":false},"excerpt":{"rendered":"<p>Trij\u0173 dur\u0173 spinta su veidrod\u017eiu. Pagaminta i\u0161: korpuso: 16 mm Wotan \u0105\u017euolo laminuotos med\u017eio dro\u017eli\u0173 plok\u0161t\u0117s, fasad\u0173: 16 mm Wotan \u0105\u017euolo laminuotos med\u017eio dro\u017eli\u0173 plok\u0161t\u0117s, juodos matin\u0117s spalvos, vir\u0161aus: 22 mm Wotan \u0105\u017euolo laminuotos med\u017eio dro\u017eli\u0173 plok\u0161t\u0117s, vidaus: 2 x b\u0117geliai ir 8 x lentynos, 1 x veidrodis, plastikin\u0117s rankenos, PVC kra\u0161to.<\/p>","protected":false},"featured_media":113872,"comment_status":"open","ping_status":"open","template":"","meta":[],"product_brand":[],"product_cat":[9286,2455,1177],"product_tag":[],"class_list":{"0":"post-113871","1":"product","2":"type-product","3":"status-publish","4":"has-post-thumbnail","6":"product_cat-furniture-system-lamelo-dolmar","7":"product_cat-dolmar","8":"product_cat-wardrobes","10":"first","11":"instock","12":"purchasable","13":"product-type-simple"},"_links":{"self":[{"href":"https:\/\/baldumarket.lt\/lt\/wp-json\/wp\/v2\/product\/113871","targetHints":{"allow":["GET"]}}],"collection":[{"href":"https:\/\/baldumarket.lt\/lt\/wp-json\/wp\/v2\/product"}],"about":[{"href":"https:\/\/baldumarket.lt\/lt\/wp-json\/wp\/v2\/types\/product"}],"replies":[{"embeddable":true,"href":"https:\/\/baldumarket.lt\/lt\/wp-json\/wp\/v2\/comments?post=113871"}],"wp:featuredmedia":[{"embeddable":true,"href":"https:\/\/baldumarket.lt\/lt\/wp-json\/wp\/v2\/media\/113872"}],"wp:attachment":[{"href":"https:\/\/baldumarket.lt\/lt\/wp-json\/wp\/v2\/media?parent=113871"}],"wp:term":[{"taxonomy":"product_brand","embeddable":true,"href":"https:\/\/baldumarket.lt\/lt\/wp-json\/wp\/v2\/product_brand?post=113871"},{"taxonomy":"product_cat","embeddable":true,"href":"https:\/\/baldumarket.lt\/lt\/wp-json\/wp\/v2\/product_cat?post=113871"},{"taxonomy":"product_tag","embeddable":true,"href":"https:\/\/baldumarket.lt\/lt\/wp-json\/wp\/v2\/product_tag?post=113871"}],"curies":[{"name":"wp","href":"https:\/\/api.w.org\/{rel}","templated":true}]}}