{"id":113869,"date":"2025-12-10T03:05:32","date_gmt":"2025-12-10T00:05:32","guid":{"rendered":"https:\/\/baldumarket.lt\/product\/system-lamelo-la18-szafa-4d2s-czarny\/"},"modified":"2026-02-03T23:41:07","modified_gmt":"2026-02-03T20:41:07","slug":"system-lamelo-la18-szafa-4d2s-czarny","status":"publish","type":"product","link":"https:\/\/baldumarket.lt\/lt\/product\/system-lamelo-la18-szafa-4d2s-czarny\/","title":{"rendered":"\u201cLAMELO\u201d LA18 sistema (4D2S spinta) \u2013 juoda"},"content":{"rendered":"<p>Keturi\u0173 dur\u0173 spinta su veidrod\u017eiais ir dviem stal\u010diais. Pagaminta i\u0161: korpuso: 16 mm Wotan \u0105\u017euolo laminuotos med\u017eio dro\u017eli\u0173 plok\u0161t\u0117s, fasad\u0173: 16 mm Wotan \u0105\u017euolo laminuotos med\u017eio dro\u017eli\u0173 plok\u0161t\u0117s, vir\u0161aus: 22 mm Wotan \u0105\u017euolo laminuotos med\u017eio dro\u017eli\u0173 plok\u0161t\u0117s, vidaus: drabu\u017ei\u0173 skersinio ir 5 lentyn\u0173, 2 stal\u010di\u0173 ant b\u0117geli\u0173, 2 veidrod\u017ei\u0173, plastikin\u0117s rankenos, PVC kra\u0161to.<\/p>","protected":false},"excerpt":{"rendered":"<p>Keturi\u0173 dur\u0173 spinta su veidrod\u017eiais ir dviem stal\u010diais. Pagaminta i\u0161: korpuso: 16 mm Wotan \u0105\u017euolo laminuotos med\u017eio dro\u017eli\u0173 plok\u0161t\u0117s, fasad\u0173: 16 mm Wotan \u0105\u017euolo laminuotos med\u017eio dro\u017eli\u0173 plok\u0161t\u0117s, vir\u0161aus: 22 mm Wotan \u0105\u017euolo laminuotos med\u017eio dro\u017eli\u0173 plok\u0161t\u0117s, vidaus: drabu\u017ei\u0173 skersinio ir 5 lentyn\u0173, 2 stal\u010di\u0173 ant b\u0117geli\u0173, 2 veidrod\u017ei\u0173, plastikin\u0117s rankenos, PVC kra\u0161to.<\/p>","protected":false},"featured_media":113870,"comment_status":"open","ping_status":"open","template":"","meta":[],"product_brand":[],"product_cat":[9286,2455,1177],"product_tag":[],"class_list":{"0":"post-113869","1":"product","2":"type-product","3":"status-publish","4":"has-post-thumbnail","6":"product_cat-furniture-system-lamelo-dolmar","7":"product_cat-dolmar","8":"product_cat-wardrobes","10":"first","11":"instock","12":"purchasable","13":"product-type-simple"},"_links":{"self":[{"href":"https:\/\/baldumarket.lt\/lt\/wp-json\/wp\/v2\/product\/113869","targetHints":{"allow":["GET"]}}],"collection":[{"href":"https:\/\/baldumarket.lt\/lt\/wp-json\/wp\/v2\/product"}],"about":[{"href":"https:\/\/baldumarket.lt\/lt\/wp-json\/wp\/v2\/types\/product"}],"replies":[{"embeddable":true,"href":"https:\/\/baldumarket.lt\/lt\/wp-json\/wp\/v2\/comments?post=113869"}],"wp:featuredmedia":[{"embeddable":true,"href":"https:\/\/baldumarket.lt\/lt\/wp-json\/wp\/v2\/media\/113870"}],"wp:attachment":[{"href":"https:\/\/baldumarket.lt\/lt\/wp-json\/wp\/v2\/media?parent=113869"}],"wp:term":[{"taxonomy":"product_brand","embeddable":true,"href":"https:\/\/baldumarket.lt\/lt\/wp-json\/wp\/v2\/product_brand?post=113869"},{"taxonomy":"product_cat","embeddable":true,"href":"https:\/\/baldumarket.lt\/lt\/wp-json\/wp\/v2\/product_cat?post=113869"},{"taxonomy":"product_tag","embeddable":true,"href":"https:\/\/baldumarket.lt\/lt\/wp-json\/wp\/v2\/product_tag?post=113869"}],"curies":[{"name":"wp","href":"https:\/\/api.w.org\/{rel}","templated":true}]}}