{"id":113867,"date":"2025-12-10T03:05:30","date_gmt":"2025-12-10T00:05:30","guid":{"rendered":"https:\/\/baldumarket.lt\/product\/system-lamelo-la17-stolik-nocny-1s-czarny\/"},"modified":"2026-02-03T23:41:07","modified_gmt":"2026-02-03T20:41:07","slug":"system-lamelo-la17-stolik-nocny-1s-czarny","status":"publish","type":"product","link":"https:\/\/baldumarket.lt\/lt\/product\/system-lamelo-la17-stolik-nocny-1s-czarny\/","title":{"rendered":"Sistema \u201eLAMELO\u201c LA17 (naktinis staliukas 1S) \u2013 juoda"},"content":{"rendered":"<p>Spintel\u0117 su viena lentyna ir vienu stal\u010diumi. Med\u017eiaga: korpusas: 16 mm Wotan \u0105\u017euolo laminuota med\u017eio dro\u017eli\u0173 plok\u0161t\u0117, fasadas: 16 mm juodos matin\u0117s laminuotos med\u017eio dro\u017eli\u0173 plok\u0161t\u0117s, vir\u0161us: 22 mm Wotan \u0105\u017euolo laminuota med\u017eio dro\u017eli\u0173 plok\u0161t\u0117, 1 stal\u010dius ant b\u0117geli\u0173, plastikin\u0117 rankena, PVC kra\u0161tas.<\/p>","protected":false},"excerpt":{"rendered":"<p>Spintel\u0117 su viena lentyna ir vienu stal\u010diumi. Med\u017eiaga: korpusas: 16 mm Wotan \u0105\u017euolo laminuota med\u017eio dro\u017eli\u0173 plok\u0161t\u0117, fasadas: 16 mm juodos matin\u0117s laminuotos med\u017eio dro\u017eli\u0173 plok\u0161t\u0117s, vir\u0161us: 22 mm Wotan \u0105\u017euolo laminuota med\u017eio dro\u017eli\u0173 plok\u0161t\u0117, 1 stal\u010dius ant b\u0117geli\u0173, plastikin\u0117 rankena, PVC kra\u0161tas.<\/p>","protected":false},"featured_media":113868,"comment_status":"open","ping_status":"open","template":"","meta":[],"product_brand":[],"product_cat":[9286,1176,2455],"product_tag":[],"class_list":{"0":"post-113867","1":"product","2":"type-product","3":"status-publish","4":"has-post-thumbnail","6":"product_cat-furniture-system-lamelo-dolmar","7":"product_cat-bedside-tables","8":"product_cat-dolmar","10":"first","11":"instock","12":"purchasable","13":"product-type-simple"},"_links":{"self":[{"href":"https:\/\/baldumarket.lt\/lt\/wp-json\/wp\/v2\/product\/113867","targetHints":{"allow":["GET"]}}],"collection":[{"href":"https:\/\/baldumarket.lt\/lt\/wp-json\/wp\/v2\/product"}],"about":[{"href":"https:\/\/baldumarket.lt\/lt\/wp-json\/wp\/v2\/types\/product"}],"replies":[{"embeddable":true,"href":"https:\/\/baldumarket.lt\/lt\/wp-json\/wp\/v2\/comments?post=113867"}],"wp:featuredmedia":[{"embeddable":true,"href":"https:\/\/baldumarket.lt\/lt\/wp-json\/wp\/v2\/media\/113868"}],"wp:attachment":[{"href":"https:\/\/baldumarket.lt\/lt\/wp-json\/wp\/v2\/media?parent=113867"}],"wp:term":[{"taxonomy":"product_brand","embeddable":true,"href":"https:\/\/baldumarket.lt\/lt\/wp-json\/wp\/v2\/product_brand?post=113867"},{"taxonomy":"product_cat","embeddable":true,"href":"https:\/\/baldumarket.lt\/lt\/wp-json\/wp\/v2\/product_cat?post=113867"},{"taxonomy":"product_tag","embeddable":true,"href":"https:\/\/baldumarket.lt\/lt\/wp-json\/wp\/v2\/product_tag?post=113867"}],"curies":[{"name":"wp","href":"https:\/\/api.w.org\/{rel}","templated":true}]}}