{"id":113863,"date":"2025-12-10T03:05:27","date_gmt":"2025-12-10T00:05:27","guid":{"rendered":"https:\/\/baldumarket.lt\/product\/kominek-elektryczny-wklad\/"},"modified":"2026-02-03T23:41:07","modified_gmt":"2026-02-03T20:41:07","slug":"kominek-elektryczny-wklad","status":"publish","type":"product","link":"https:\/\/baldumarket.lt\/lt\/product\/kominek-elektryczny-wklad\/","title":{"rendered":"Elektrinis \u017eidinys (\u012fmontuojamas)"},"content":{"rendered":"<p>\u017didinio matmenys: plotis 80 cm \/ gylis 13 cm \/ auk\u0161tis 35 cm. Liepsnos spalv\u0105 galima keisti nuotolinio valdymo pultu. Liepsnos spalva: m\u0117lyna, raudona, violetin\u0117\/ro\u017ein\u0117. Papildomos savyb\u0117s: \u0160ildymo funkcija: 16\u201328 \u00b0C, du oro srauto diapazonai, laikmatis kas 1\u20138 valandas. Maitinimo \u0161altinis: 220\u2013240 V \/ 50 Hz, nominali galia: 1400 W \u2013 1600 W.<br \/>\n\u017didinys tinka \u0161iai komodai:<br \/>\nMO7 komoda<br \/>\nP16 komoda<br \/>\nP17 televizorius<\/p>","protected":false},"excerpt":{"rendered":"<p>Fireplace dimensions: width 80cm \/ depth 13cm \/ height 35cm. Flame color can be changed using the remote control. Flame color: blue, red, purple\/pink. Additional features: Heating function: 16-28\u00b0C, two airflow ranges, timer every one to eight hours. Power supply: 220-240V \/ 50Hz, rated power: 1400W-1600W. Fireplace fits the following dresser: MO7 dresser P16 dresser [&hellip;]<\/p>","protected":false},"featured_media":113864,"comment_status":"open","ping_status":"open","template":"","meta":[],"product_brand":[],"product_cat":[2455,1043],"product_tag":[],"class_list":{"0":"post-113863","1":"product","2":"type-product","3":"status-publish","4":"has-post-thumbnail","6":"product_cat-dolmar","7":"product_cat-extras","9":"first","10":"instock","11":"purchasable","12":"product-type-simple"},"_links":{"self":[{"href":"https:\/\/baldumarket.lt\/lt\/wp-json\/wp\/v2\/product\/113863","targetHints":{"allow":["GET"]}}],"collection":[{"href":"https:\/\/baldumarket.lt\/lt\/wp-json\/wp\/v2\/product"}],"about":[{"href":"https:\/\/baldumarket.lt\/lt\/wp-json\/wp\/v2\/types\/product"}],"replies":[{"embeddable":true,"href":"https:\/\/baldumarket.lt\/lt\/wp-json\/wp\/v2\/comments?post=113863"}],"wp:featuredmedia":[{"embeddable":true,"href":"https:\/\/baldumarket.lt\/lt\/wp-json\/wp\/v2\/media\/113864"}],"wp:attachment":[{"href":"https:\/\/baldumarket.lt\/lt\/wp-json\/wp\/v2\/media?parent=113863"}],"wp:term":[{"taxonomy":"product_brand","embeddable":true,"href":"https:\/\/baldumarket.lt\/lt\/wp-json\/wp\/v2\/product_brand?post=113863"},{"taxonomy":"product_cat","embeddable":true,"href":"https:\/\/baldumarket.lt\/lt\/wp-json\/wp\/v2\/product_cat?post=113863"},{"taxonomy":"product_tag","embeddable":true,"href":"https:\/\/baldumarket.lt\/lt\/wp-json\/wp\/v2\/product_tag?post=113863"}],"curies":[{"name":"wp","href":"https:\/\/api.w.org\/{rel}","templated":true}]}}