{"id":113859,"date":"2025-12-10T03:05:24","date_gmt":"2025-12-10T00:05:24","guid":{"rendered":"https:\/\/baldumarket.lt\/product\/system-prestigo-p17-rtv-kom-czarny-san-sebastian\/"},"modified":"2026-02-03T23:41:07","modified_gmt":"2026-02-03T20:41:07","slug":"system-prestigo-p17-rtv-kom-czarny-san-sebastian","status":"publish","type":"product","link":"https:\/\/baldumarket.lt\/lt\/product\/system-prestigo-p17-rtv-kom-czarny-san-sebastian\/","title":{"rendered":"\u201ePRESTIGO\u201c P17 sistema (mobilioji RTV) \u2013 juoda\/San Sebastian"},"content":{"rendered":"<p>\u017didinys yra papildoma \u012franga. Elektrinis \u017eidinys (\u012fmontuojamas)<\/p>","protected":false},"excerpt":{"rendered":"<p>\u017didinys yra papildoma \u012franga. Elektrinis \u017eidinys (\u012fmontuojamas)<\/p>","protected":false},"featured_media":113860,"comment_status":"open","ping_status":"open","template":"","meta":[],"product_brand":[],"product_cat":[9290,2455,1175],"product_tag":[],"class_list":{"0":"post-113859","1":"product","2":"type-product","3":"status-publish","4":"has-post-thumbnail","6":"product_cat-furniture-system-prestigo-dolmar","7":"product_cat-dolmar","8":"product_cat-tv-stands","10":"first","11":"instock","12":"purchasable","13":"product-type-simple"},"_links":{"self":[{"href":"https:\/\/baldumarket.lt\/lt\/wp-json\/wp\/v2\/product\/113859","targetHints":{"allow":["GET"]}}],"collection":[{"href":"https:\/\/baldumarket.lt\/lt\/wp-json\/wp\/v2\/product"}],"about":[{"href":"https:\/\/baldumarket.lt\/lt\/wp-json\/wp\/v2\/types\/product"}],"replies":[{"embeddable":true,"href":"https:\/\/baldumarket.lt\/lt\/wp-json\/wp\/v2\/comments?post=113859"}],"wp:featuredmedia":[{"embeddable":true,"href":"https:\/\/baldumarket.lt\/lt\/wp-json\/wp\/v2\/media\/113860"}],"wp:attachment":[{"href":"https:\/\/baldumarket.lt\/lt\/wp-json\/wp\/v2\/media?parent=113859"}],"wp:term":[{"taxonomy":"product_brand","embeddable":true,"href":"https:\/\/baldumarket.lt\/lt\/wp-json\/wp\/v2\/product_brand?post=113859"},{"taxonomy":"product_cat","embeddable":true,"href":"https:\/\/baldumarket.lt\/lt\/wp-json\/wp\/v2\/product_cat?post=113859"},{"taxonomy":"product_tag","embeddable":true,"href":"https:\/\/baldumarket.lt\/lt\/wp-json\/wp\/v2\/product_tag?post=113859"}],"curies":[{"name":"wp","href":"https:\/\/api.w.org\/{rel}","templated":true}]}}