{"id":113851,"date":"2025-12-10T03:05:17","date_gmt":"2025-12-10T00:05:17","guid":{"rendered":"https:\/\/baldumarket.lt\/product\/oswietlenie-led-1-punktowe\/"},"modified":"2026-02-03T23:41:08","modified_gmt":"2026-02-03T20:41:08","slug":"oswietlenie-led-1-punktowe","status":"publish","type":"product","link":"https:\/\/baldumarket.lt\/lt\/product\/oswietlenie-led-1-punktowe\/","title":{"rendered":"1 ta\u0161ko LED ap\u0161vietimas"},"content":{"rendered":"<p>Ap\u0161vietimas suderinamas su \u0161iomis sistemomis:<br \/>\nPrestigo P3<\/p>","protected":false},"excerpt":{"rendered":"<p>Ap\u0161vietimas suderinamas su \u0161iomis sistemomis: \u201ePrestigo P3\u201c<\/p>","protected":false},"featured_media":113852,"comment_status":"open","ping_status":"open","template":"","meta":[],"product_brand":[],"product_cat":[2455,1043],"product_tag":[],"class_list":{"0":"post-113851","1":"product","2":"type-product","3":"status-publish","4":"has-post-thumbnail","6":"product_cat-dolmar","7":"product_cat-extras","9":"first","10":"instock","11":"purchasable","12":"product-type-simple"},"_links":{"self":[{"href":"https:\/\/baldumarket.lt\/lt\/wp-json\/wp\/v2\/product\/113851","targetHints":{"allow":["GET"]}}],"collection":[{"href":"https:\/\/baldumarket.lt\/lt\/wp-json\/wp\/v2\/product"}],"about":[{"href":"https:\/\/baldumarket.lt\/lt\/wp-json\/wp\/v2\/types\/product"}],"replies":[{"embeddable":true,"href":"https:\/\/baldumarket.lt\/lt\/wp-json\/wp\/v2\/comments?post=113851"}],"wp:featuredmedia":[{"embeddable":true,"href":"https:\/\/baldumarket.lt\/lt\/wp-json\/wp\/v2\/media\/113852"}],"wp:attachment":[{"href":"https:\/\/baldumarket.lt\/lt\/wp-json\/wp\/v2\/media?parent=113851"}],"wp:term":[{"taxonomy":"product_brand","embeddable":true,"href":"https:\/\/baldumarket.lt\/lt\/wp-json\/wp\/v2\/product_brand?post=113851"},{"taxonomy":"product_cat","embeddable":true,"href":"https:\/\/baldumarket.lt\/lt\/wp-json\/wp\/v2\/product_cat?post=113851"},{"taxonomy":"product_tag","embeddable":true,"href":"https:\/\/baldumarket.lt\/lt\/wp-json\/wp\/v2\/product_tag?post=113851"}],"curies":[{"name":"wp","href":"https:\/\/api.w.org\/{rel}","templated":true}]}}