{"id":113797,"date":"2025-12-10T03:04:30","date_gmt":"2025-12-10T00:04:30","guid":{"rendered":"https:\/\/baldumarket.lt\/product\/system-sven-sv9-komoda-2d-4s-dab-nash\/"},"modified":"2026-02-03T23:41:10","modified_gmt":"2026-02-03T20:41:10","slug":"system-sven-sv9-komoda-2d-4s-dab-nash","status":"publish","type":"product","link":"https:\/\/baldumarket.lt\/lt\/product\/system-sven-sv9-komoda-2d-4s-dab-nash\/","title":{"rendered":"Sistema \u201eSVEN\u201c SV9 (Komodos 2D 4S) &#8211; \u0105\u017euolo spalvos"},"content":{"rendered":"<p>Komoda su dviem durel\u0117mis, dviem lentynomis ir keturiais stal\u010diais. Pagaminta i\u0161: korpuso: 16 mm Andersen pu\u0161ies laminuotos med\u017eio dro\u017eli\u0173 plok\u0161t\u0117s, fasado: 16 mm Andersen pu\u0161ies laminuotos med\u017eio dro\u017eli\u0173 plok\u0161t\u0117s, vir\u0161aus: 25 mm Nasch \u0105\u017euolo laminuotos med\u017eio dro\u017eli\u0173 plok\u0161t\u0117s, viduje: 2 x lentynos, 4 x stal\u010diai, ABS kra\u0161tai.<\/p>","protected":false},"excerpt":{"rendered":"<p>Komoda su dviem durel\u0117mis, dviem lentynomis ir keturiais stal\u010diais. Pagaminta i\u0161: korpuso: 16 mm Andersen pu\u0161ies laminuotos med\u017eio dro\u017eli\u0173 plok\u0161t\u0117s, fasado: 16 mm Andersen pu\u0161ies laminuotos med\u017eio dro\u017eli\u0173 plok\u0161t\u0117s, vir\u0161aus: 25 mm Nasch \u0105\u017euolo laminuotos med\u017eio dro\u017eli\u0173 plok\u0161t\u0117s, viduje: 2 x lentynos, 4 x stal\u010diai, ABS kra\u0161tai.<\/p>","protected":false},"featured_media":113798,"comment_status":"open","ping_status":"open","template":"","meta":[],"product_brand":[],"product_cat":[9292,1173,2455],"product_tag":[],"class_list":{"0":"post-113797","1":"product","2":"type-product","3":"status-publish","4":"has-post-thumbnail","6":"product_cat-furniture-system-sven-dolmar","7":"product_cat-chests-of-drawers","8":"product_cat-dolmar","10":"first","11":"instock","12":"purchasable","13":"product-type-simple"},"_links":{"self":[{"href":"https:\/\/baldumarket.lt\/lt\/wp-json\/wp\/v2\/product\/113797","targetHints":{"allow":["GET"]}}],"collection":[{"href":"https:\/\/baldumarket.lt\/lt\/wp-json\/wp\/v2\/product"}],"about":[{"href":"https:\/\/baldumarket.lt\/lt\/wp-json\/wp\/v2\/types\/product"}],"replies":[{"embeddable":true,"href":"https:\/\/baldumarket.lt\/lt\/wp-json\/wp\/v2\/comments?post=113797"}],"wp:featuredmedia":[{"embeddable":true,"href":"https:\/\/baldumarket.lt\/lt\/wp-json\/wp\/v2\/media\/113798"}],"wp:attachment":[{"href":"https:\/\/baldumarket.lt\/lt\/wp-json\/wp\/v2\/media?parent=113797"}],"wp:term":[{"taxonomy":"product_brand","embeddable":true,"href":"https:\/\/baldumarket.lt\/lt\/wp-json\/wp\/v2\/product_brand?post=113797"},{"taxonomy":"product_cat","embeddable":true,"href":"https:\/\/baldumarket.lt\/lt\/wp-json\/wp\/v2\/product_cat?post=113797"},{"taxonomy":"product_tag","embeddable":true,"href":"https:\/\/baldumarket.lt\/lt\/wp-json\/wp\/v2\/product_tag?post=113797"}],"curies":[{"name":"wp","href":"https:\/\/api.w.org\/{rel}","templated":true}]}}