{"id":113789,"date":"2025-12-10T03:04:24","date_gmt":"2025-12-10T00:04:24","guid":{"rendered":"https:\/\/baldumarket.lt\/product\/system-sven-sv5-szafka-rtv-d2-s-dab-nash\/"},"modified":"2026-02-03T23:41:10","modified_gmt":"2026-02-03T20:41:10","slug":"system-sven-sv5-szafka-rtv-d2-s-dab-nash","status":"publish","type":"product","link":"https:\/\/baldumarket.lt\/lt\/product\/system-sven-sv5-szafka-rtv-d2-s-dab-nash\/","title":{"rendered":"Sistema \u201eSVEN\u201c SV5 (TV spintel\u0117 D2 S) &#8211; \u0105\u017euolo spalvos ne\u0161varaus med\u017eio dro\u017eli\u0173 plok\u0161t\u0117"},"content":{"rendered":"<p>TV spintel\u0117 su vienomis durel\u0117mis, viena lentyna ir dviem stal\u010diais. Pagaminta i\u0161: korpuso: 16 mm Andersen pu\u0161ies laminuotos med\u017eio dro\u017eli\u0173 plok\u0161t\u0117s, fasad\u0173: 16 mm Andersen pu\u0161ies laminuotos med\u017eio dro\u017eli\u0173 plok\u0161t\u0117s, vir\u0161aus: 25 mm Nasch \u0105\u017euolo laminuotos med\u017eio dro\u017eli\u0173 plok\u0161t\u0117s, viduje: 1 lentyna, 2 stal\u010diai, ABS kra\u0161tai.<\/p>","protected":false},"excerpt":{"rendered":"<p>TV spintel\u0117 su vienomis durel\u0117mis, viena lentyna ir dviem stal\u010diais. Pagaminta i\u0161: korpuso: 16 mm Andersen pu\u0161ies laminuotos med\u017eio dro\u017eli\u0173 plok\u0161t\u0117s, fasad\u0173: 16 mm Andersen pu\u0161ies laminuotos med\u017eio dro\u017eli\u0173 plok\u0161t\u0117s, vir\u0161aus: 25 mm Nasch \u0105\u017euolo laminuotos med\u017eio dro\u017eli\u0173 plok\u0161t\u0117s, viduje: 1 lentyna, 2 stal\u010diai, ABS kra\u0161tai.<\/p>","protected":false},"featured_media":113790,"comment_status":"open","ping_status":"open","template":"","meta":[],"product_brand":[],"product_cat":[9292,2455,1175],"product_tag":[],"class_list":{"0":"post-113789","1":"product","2":"type-product","3":"status-publish","4":"has-post-thumbnail","6":"product_cat-furniture-system-sven-dolmar","7":"product_cat-dolmar","8":"product_cat-tv-stands","10":"first","11":"instock","12":"purchasable","13":"product-type-simple"},"_links":{"self":[{"href":"https:\/\/baldumarket.lt\/lt\/wp-json\/wp\/v2\/product\/113789","targetHints":{"allow":["GET"]}}],"collection":[{"href":"https:\/\/baldumarket.lt\/lt\/wp-json\/wp\/v2\/product"}],"about":[{"href":"https:\/\/baldumarket.lt\/lt\/wp-json\/wp\/v2\/types\/product"}],"replies":[{"embeddable":true,"href":"https:\/\/baldumarket.lt\/lt\/wp-json\/wp\/v2\/comments?post=113789"}],"wp:featuredmedia":[{"embeddable":true,"href":"https:\/\/baldumarket.lt\/lt\/wp-json\/wp\/v2\/media\/113790"}],"wp:attachment":[{"href":"https:\/\/baldumarket.lt\/lt\/wp-json\/wp\/v2\/media?parent=113789"}],"wp:term":[{"taxonomy":"product_brand","embeddable":true,"href":"https:\/\/baldumarket.lt\/lt\/wp-json\/wp\/v2\/product_brand?post=113789"},{"taxonomy":"product_cat","embeddable":true,"href":"https:\/\/baldumarket.lt\/lt\/wp-json\/wp\/v2\/product_cat?post=113789"},{"taxonomy":"product_tag","embeddable":true,"href":"https:\/\/baldumarket.lt\/lt\/wp-json\/wp\/v2\/product_tag?post=113789"}],"curies":[{"name":"wp","href":"https:\/\/api.w.org\/{rel}","templated":true}]}}