

{"id":113785,"date":"2025-12-10T03:04:20","date_gmt":"2025-12-10T00:04:20","guid":{"rendered":"https:\/\/baldumarket.lt\/product\/system-sven-sv3-witryna-4d-dab-nash\/"},"modified":"2026-02-03T23:41:10","modified_gmt":"2026-02-03T20:41:10","slug":"system-sven-sv3-witryna-4d-dab-nash","status":"publish","type":"product","link":"https:\/\/baldumarket.lt\/lt\/product\/system-sven-sv3-witryna-4d-dab-nash\/","title":{"rendered":"\u201cSVEN\u201d SV3 sistema (4D vitrinos) \u2013 \u0105\u017euolas"},"content":{"rendered":"<p>Vitrina su dviem stiklin\u0117mis durel\u0117mis. Med\u017eiaga: korpusas: 16 mm Andersen pu\u0161ies laminuota med\u017eio dro\u017eli\u0173 plok\u0161t\u0117, fasadas: skaidrus stiklas, 16 mm Andersen pu\u0161ies laminuota med\u017eio dro\u017eli\u0173 plok\u0161t\u0117, vir\u0161us: 25 mm Nasch \u0105\u017euolo laminuota med\u017eio dro\u017eli\u0173 plok\u0161t\u0117, vidus: 3 lentynos, ABS kra\u0161tai. Papildoma parinktis: 4 LED ap\u0161vietimas.<\/p>","protected":false},"excerpt":{"rendered":"<p>Vitrina su dviem stiklin\u0117mis durel\u0117mis. Med\u017eiaga: korpusas: 16 mm Andersen pu\u0161ies laminuota med\u017eio dro\u017eli\u0173 plok\u0161t\u0117, fasadas: skaidrus stiklas, 16 mm Andersen pu\u0161ies laminuota med\u017eio dro\u017eli\u0173 plok\u0161t\u0117, vir\u0161us: 25 mm Nasch \u0105\u017euolo laminuota med\u017eio dro\u017eli\u0173 plok\u0161t\u0117, vidus: 3 lentynos, ABS kra\u0161tai. Papildoma parinktis: 4 LED ap\u0161vietimas.<\/p>","protected":false},"featured_media":113786,"comment_status":"open","ping_status":"open","template":"","meta":[],"product_brand":[],"product_cat":[9292,2455,2006],"product_tag":[],"class_list":{"0":"post-113785","1":"product","2":"type-product","3":"status-publish","4":"has-post-thumbnail","6":"product_cat-furniture-system-sven-dolmar","7":"product_cat-dolmar","8":"product_cat-vitrines","10":"first","11":"instock","12":"purchasable","13":"product-type-simple"},"_links":{"self":[{"href":"https:\/\/baldumarket.lt\/lt\/wp-json\/wp\/v2\/product\/113785","targetHints":{"allow":["GET"]}}],"collection":[{"href":"https:\/\/baldumarket.lt\/lt\/wp-json\/wp\/v2\/product"}],"about":[{"href":"https:\/\/baldumarket.lt\/lt\/wp-json\/wp\/v2\/types\/product"}],"replies":[{"embeddable":true,"href":"https:\/\/baldumarket.lt\/lt\/wp-json\/wp\/v2\/comments?post=113785"}],"wp:featuredmedia":[{"embeddable":true,"href":"https:\/\/baldumarket.lt\/lt\/wp-json\/wp\/v2\/media\/113786"}],"wp:attachment":[{"href":"https:\/\/baldumarket.lt\/lt\/wp-json\/wp\/v2\/media?parent=113785"}],"wp:term":[{"taxonomy":"product_brand","embeddable":true,"href":"https:\/\/baldumarket.lt\/lt\/wp-json\/wp\/v2\/product_brand?post=113785"},{"taxonomy":"product_cat","embeddable":true,"href":"https:\/\/baldumarket.lt\/lt\/wp-json\/wp\/v2\/product_cat?post=113785"},{"taxonomy":"product_tag","embeddable":true,"href":"https:\/\/baldumarket.lt\/lt\/wp-json\/wp\/v2\/product_tag?post=113785"}],"curies":[{"name":"wp","href":"https:\/\/api.w.org\/{rel}","templated":true}]}}