{"id":113783,"date":"2025-12-10T03:04:18","date_gmt":"2025-12-10T00:04:18","guid":{"rendered":"https:\/\/baldumarket.lt\/product\/system-sven-sv2-regal-d-dab-nash\/"},"modified":"2026-02-03T23:41:10","modified_gmt":"2026-02-03T20:41:10","slug":"system-sven-sv2-regal-d-dab-nash","status":"publish","type":"product","link":"https:\/\/baldumarket.lt\/lt\/product\/system-sven-sv2-regal-d-dab-nash\/","title":{"rendered":"Sistema \u201eSVEN\u201c SV2 (Lentyna D) \u2013 \u0105\u017euolas \u201eNash\u201c"},"content":{"rendered":"<p>Spinta su vienomis durimis. Pagaminta i\u0161: korpuso: 16 mm Andersen pu\u0161ies laminuotos med\u017eio dro\u017eli\u0173 plok\u0161t\u0117s, fasad\u0173: 16 mm Andersen pu\u0161ies laminuotos med\u017eio dro\u017eli\u0173 plok\u0161t\u0117s, vir\u0161aus: 25 mm Nasch \u0105\u017euolo laminuotos med\u017eio dro\u017eli\u0173 plok\u0161t\u0117s, vidaus: drabu\u017ei\u0173 skersinio, 3 lentyn\u0173, ABS kra\u0161to.<\/p>","protected":false},"excerpt":{"rendered":"<p>Spinta su vienomis durimis. Pagaminta i\u0161: korpuso: 16 mm Andersen pu\u0161ies laminuotos med\u017eio dro\u017eli\u0173 plok\u0161t\u0117s, fasad\u0173: 16 mm Andersen pu\u0161ies laminuotos med\u017eio dro\u017eli\u0173 plok\u0161t\u0117s, vir\u0161aus: 25 mm Nasch \u0105\u017euolo laminuotos med\u017eio dro\u017eli\u0173 plok\u0161t\u0117s, vidaus: drabu\u017ei\u0173 skersinio, 3 lentyn\u0173, ABS kra\u0161to.<\/p>","protected":false},"featured_media":113784,"comment_status":"open","ping_status":"open","template":"","meta":[],"product_brand":[],"product_cat":[9292,2455,1987],"product_tag":[],"class_list":{"0":"post-113783","1":"product","2":"type-product","3":"status-publish","4":"has-post-thumbnail","6":"product_cat-furniture-system-sven-dolmar","7":"product_cat-dolmar","8":"product_cat-shelving-units","10":"first","11":"instock","12":"purchasable","13":"product-type-simple"},"_links":{"self":[{"href":"https:\/\/baldumarket.lt\/lt\/wp-json\/wp\/v2\/product\/113783","targetHints":{"allow":["GET"]}}],"collection":[{"href":"https:\/\/baldumarket.lt\/lt\/wp-json\/wp\/v2\/product"}],"about":[{"href":"https:\/\/baldumarket.lt\/lt\/wp-json\/wp\/v2\/types\/product"}],"replies":[{"embeddable":true,"href":"https:\/\/baldumarket.lt\/lt\/wp-json\/wp\/v2\/comments?post=113783"}],"wp:featuredmedia":[{"embeddable":true,"href":"https:\/\/baldumarket.lt\/lt\/wp-json\/wp\/v2\/media\/113784"}],"wp:attachment":[{"href":"https:\/\/baldumarket.lt\/lt\/wp-json\/wp\/v2\/media?parent=113783"}],"wp:term":[{"taxonomy":"product_brand","embeddable":true,"href":"https:\/\/baldumarket.lt\/lt\/wp-json\/wp\/v2\/product_brand?post=113783"},{"taxonomy":"product_cat","embeddable":true,"href":"https:\/\/baldumarket.lt\/lt\/wp-json\/wp\/v2\/product_cat?post=113783"},{"taxonomy":"product_tag","embeddable":true,"href":"https:\/\/baldumarket.lt\/lt\/wp-json\/wp\/v2\/product_tag?post=113783"}],"curies":[{"name":"wp","href":"https:\/\/api.w.org\/{rel}","templated":true}]}}