{"id":113777,"date":"2025-12-10T03:04:13","date_gmt":"2025-12-10T00:04:13","guid":{"rendered":"https:\/\/baldumarket.lt\/product\/system-sven-sv13-lozko-dab-nash\/"},"modified":"2026-02-03T23:41:10","modified_gmt":"2026-02-03T20:41:10","slug":"system-sven-sv13-lozko-dab-nash","status":"publish","type":"product","link":"https:\/\/baldumarket.lt\/lt\/product\/system-sven-sv13-lozko-dab-nash\/","title":{"rendered":"Sistema \u201eSVEN\u201c SV13 (Lova) \u2013 \u0105\u017euolas \u201eNash\u201c"},"content":{"rendered":"<p>Sistema \u201cSVEN\u201d SV13 (Lova) \u2013 Spalva: \u0105\u017euolas be \u0105\u017euolo<\/p>","protected":false},"excerpt":{"rendered":"<p>Sistema \u201cSVEN\u201d SV13 (Lova) \u2013 Spalva: \u0105\u017euolas be \u0105\u017euolo<\/p>","protected":false},"featured_media":113778,"comment_status":"open","ping_status":"open","template":"","meta":[],"product_brand":[],"product_cat":[9292,9282,505,2455],"product_tag":[],"class_list":{"0":"post-113777","1":"product","2":"type-product","3":"status-publish","4":"has-post-thumbnail","6":"product_cat-furniture-system-sven-dolmar","7":"product_cat-wooden-beds-dolmar","8":"product_cat-bedroom-beds","9":"product_cat-dolmar","11":"first","12":"instock","13":"purchasable","14":"product-type-simple"},"_links":{"self":[{"href":"https:\/\/baldumarket.lt\/lt\/wp-json\/wp\/v2\/product\/113777","targetHints":{"allow":["GET"]}}],"collection":[{"href":"https:\/\/baldumarket.lt\/lt\/wp-json\/wp\/v2\/product"}],"about":[{"href":"https:\/\/baldumarket.lt\/lt\/wp-json\/wp\/v2\/types\/product"}],"replies":[{"embeddable":true,"href":"https:\/\/baldumarket.lt\/lt\/wp-json\/wp\/v2\/comments?post=113777"}],"wp:featuredmedia":[{"embeddable":true,"href":"https:\/\/baldumarket.lt\/lt\/wp-json\/wp\/v2\/media\/113778"}],"wp:attachment":[{"href":"https:\/\/baldumarket.lt\/lt\/wp-json\/wp\/v2\/media?parent=113777"}],"wp:term":[{"taxonomy":"product_brand","embeddable":true,"href":"https:\/\/baldumarket.lt\/lt\/wp-json\/wp\/v2\/product_brand?post=113777"},{"taxonomy":"product_cat","embeddable":true,"href":"https:\/\/baldumarket.lt\/lt\/wp-json\/wp\/v2\/product_cat?post=113777"},{"taxonomy":"product_tag","embeddable":true,"href":"https:\/\/baldumarket.lt\/lt\/wp-json\/wp\/v2\/product_tag?post=113777"}],"curies":[{"name":"wp","href":"https:\/\/api.w.org\/{rel}","templated":true}]}}