{"id":113765,"date":"2025-12-10T03:04:03","date_gmt":"2025-12-10T00:04:03","guid":{"rendered":"https:\/\/baldumarket.lt\/product\/system-sven-sv1-szafa-2d-dab-nash\/"},"modified":"2026-02-03T23:41:11","modified_gmt":"2026-02-03T20:41:11","slug":"system-sven-sv1-szafa-2d-dab-nash","status":"publish","type":"product","link":"https:\/\/baldumarket.lt\/lt\/product\/system-sven-sv1-szafa-2d-dab-nash\/","title":{"rendered":"\u201cSVEN\u201d SV1 sistema (2D spinta) \u2013 \u0105\u017euolas"},"content":{"rendered":"<p>Spinta su dviem durimis. Pagaminta i\u0161: korpuso: 16 mm Andersen pu\u0161ies laminuotos med\u017eio dro\u017eli\u0173 plok\u0161t\u0117s, fasado: 16 mm Andersen pu\u0161ies laminuotos med\u017eio dro\u017eli\u0173 plok\u0161t\u0117s, vir\u0161aus: 25 mm Nasch \u0105\u017euolo laminuotos med\u017eio dro\u017eli\u0173 plok\u0161t\u0117s, viduje: karnizas ir 1 lentyna, ABS kra\u0161tai.<\/p>","protected":false},"excerpt":{"rendered":"<p>Spinta su dviem durimis. Pagaminta i\u0161: korpuso: 16 mm Andersen pu\u0161ies laminuotos med\u017eio dro\u017eli\u0173 plok\u0161t\u0117s, fasado: 16 mm Andersen pu\u0161ies laminuotos med\u017eio dro\u017eli\u0173 plok\u0161t\u0117s, vir\u0161aus: 25 mm Nasch \u0105\u017euolo laminuotos med\u017eio dro\u017eli\u0173 plok\u0161t\u0117s, viduje: karnizas ir 1 lentyna, ABS kra\u0161tai.<\/p>","protected":false},"featured_media":113766,"comment_status":"open","ping_status":"open","template":"","meta":[],"product_brand":[],"product_cat":[9292,2455,1177],"product_tag":[],"class_list":{"0":"post-113765","1":"product","2":"type-product","3":"status-publish","4":"has-post-thumbnail","6":"product_cat-furniture-system-sven-dolmar","7":"product_cat-dolmar","8":"product_cat-wardrobes","10":"first","11":"instock","12":"purchasable","13":"product-type-simple"},"_links":{"self":[{"href":"https:\/\/baldumarket.lt\/lt\/wp-json\/wp\/v2\/product\/113765","targetHints":{"allow":["GET"]}}],"collection":[{"href":"https:\/\/baldumarket.lt\/lt\/wp-json\/wp\/v2\/product"}],"about":[{"href":"https:\/\/baldumarket.lt\/lt\/wp-json\/wp\/v2\/types\/product"}],"replies":[{"embeddable":true,"href":"https:\/\/baldumarket.lt\/lt\/wp-json\/wp\/v2\/comments?post=113765"}],"wp:featuredmedia":[{"embeddable":true,"href":"https:\/\/baldumarket.lt\/lt\/wp-json\/wp\/v2\/media\/113766"}],"wp:attachment":[{"href":"https:\/\/baldumarket.lt\/lt\/wp-json\/wp\/v2\/media?parent=113765"}],"wp:term":[{"taxonomy":"product_brand","embeddable":true,"href":"https:\/\/baldumarket.lt\/lt\/wp-json\/wp\/v2\/product_brand?post=113765"},{"taxonomy":"product_cat","embeddable":true,"href":"https:\/\/baldumarket.lt\/lt\/wp-json\/wp\/v2\/product_cat?post=113765"},{"taxonomy":"product_tag","embeddable":true,"href":"https:\/\/baldumarket.lt\/lt\/wp-json\/wp\/v2\/product_tag?post=113765"}],"curies":[{"name":"wp","href":"https:\/\/api.w.org\/{rel}","templated":true}]}}