{"id":113753,"date":"2025-12-10T03:03:52","date_gmt":"2025-12-10T00:03:52","guid":{"rendered":"https:\/\/baldumarket.lt\/product\/lozko-roma-sosna-naturalna-4\/"},"modified":"2026-02-03T23:41:12","modified_gmt":"2026-02-03T20:41:12","slug":"lozko-roma-sosna-naturalna-4","status":"publish","type":"product","link":"https:\/\/baldumarket.lt\/lt\/product\/lozko-roma-sosna-naturalna-4\/","title":{"rendered":"Lova \u201eROMA\u201c \u2013 nat\u016bralus pu\u0161is"},"content":{"rendered":"<p>\u010ciu\u017einiai, tinkantys \u0161iai lovai:<\/p>\n<p>200 x 140 x 12 B<br \/>\nBONEL \u010cIU\u017dINIS<\/p>\n<p>200 x 140 x 12 MBL<br \/>\nVIENPUSIS MINI-BONEL \u010cIU\u017dINYS + LATEKSAS<\/p>\n<p>200 x 140 x 12 MBK<br \/>\nVIENPUSIS MINI-BONEL \u010cIU\u017dINYS + KOKOSAS<\/p>\n<p>200 x 140 x 17 PO<br \/>\nKI\u0160ENINIS \u010cIU\u017dINYS<\/p>\n<p>200 x 140 x 18 POK<br \/>\nKI\u0160ENINIS \u010cIU\u017dINYS + KOKOSAS<\/p>\n<p>200 x 140 x 19 POL<br \/>\nKI\u0160ENINIS \u010cIU\u017dINYS + LATEKSAS<\/p>\n<p>200 x 140 x 20 POP<br \/>\nKI\u0160ENINIS \u010cIU\u017dINYS + MEMORY FOAM<\/p>","protected":false},"excerpt":{"rendered":"<p>\u0160iai lovai tinkantys \u010diu\u017einiai: 200 x 140 x 12 B BONEL \u010cIU\u017dINIS 200 x 140 x 12 MBL VIENPUSIS MINI-BONEL \u010cIU\u017dINIS + LATEKSO 200 x 140 x 12 MBK VIENPUSIS MINI-BONEL \u010cIU\u017dINIS + KOKOSO 200 x 140 x 17 PO KI\u0160ENINIS \u010cIU\u017dINIS 200 x 140 x 18 POK KI\u0160ENINIS \u010cIU\u017dINIS + KOKOSO 200 x [\u2026]<\/p>","protected":false},"featured_media":113754,"comment_status":"open","ping_status":"open","template":"","meta":[],"product_brand":[],"product_cat":[9282,505,2455],"product_tag":[],"class_list":{"0":"post-113753","1":"product","2":"type-product","3":"status-publish","4":"has-post-thumbnail","6":"product_cat-wooden-beds-dolmar","7":"product_cat-bedroom-beds","8":"product_cat-dolmar","10":"first","11":"instock","12":"purchasable","13":"product-type-simple"},"_links":{"self":[{"href":"https:\/\/baldumarket.lt\/lt\/wp-json\/wp\/v2\/product\/113753","targetHints":{"allow":["GET"]}}],"collection":[{"href":"https:\/\/baldumarket.lt\/lt\/wp-json\/wp\/v2\/product"}],"about":[{"href":"https:\/\/baldumarket.lt\/lt\/wp-json\/wp\/v2\/types\/product"}],"replies":[{"embeddable":true,"href":"https:\/\/baldumarket.lt\/lt\/wp-json\/wp\/v2\/comments?post=113753"}],"wp:featuredmedia":[{"embeddable":true,"href":"https:\/\/baldumarket.lt\/lt\/wp-json\/wp\/v2\/media\/113754"}],"wp:attachment":[{"href":"https:\/\/baldumarket.lt\/lt\/wp-json\/wp\/v2\/media?parent=113753"}],"wp:term":[{"taxonomy":"product_brand","embeddable":true,"href":"https:\/\/baldumarket.lt\/lt\/wp-json\/wp\/v2\/product_brand?post=113753"},{"taxonomy":"product_cat","embeddable":true,"href":"https:\/\/baldumarket.lt\/lt\/wp-json\/wp\/v2\/product_cat?post=113753"},{"taxonomy":"product_tag","embeddable":true,"href":"https:\/\/baldumarket.lt\/lt\/wp-json\/wp\/v2\/product_tag?post=113753"}],"curies":[{"name":"wp","href":"https:\/\/api.w.org\/{rel}","templated":true}]}}