{"id":113717,"date":"2025-12-10T03:03:21","date_gmt":"2025-12-10T00:03:21","guid":{"rendered":"https:\/\/baldumarket.lt\/product\/system-romero-r7-komoda-3d-3s-strona-l-arusha\/"},"modified":"2026-02-03T23:41:14","modified_gmt":"2026-02-03T20:41:14","slug":"system-romero-r7-komoda-3d-3s-strona-l-arusha","status":"publish","type":"product","link":"https:\/\/baldumarket.lt\/lt\/product\/system-romero-r7-komoda-3d-3s-strona-l-arusha\/","title":{"rendered":"Sistema \u201eROMERO\u201c R7 (3D komoda su stal\u010diais 3S) \u2013 \u0160onas: kair\u0117; Aru\u0161a"},"content":{"rendered":"<p>Papildoma parinktis: LED ap\u0161vietimas 2<\/p>","protected":false},"excerpt":{"rendered":"<p>Papildoma parinktis: LED ap\u0161vietimas 2<\/p>","protected":false},"featured_media":113718,"comment_status":"open","ping_status":"open","template":"","meta":[],"product_brand":[],"product_cat":[9291,1173,2455],"product_tag":[],"class_list":{"0":"post-113717","1":"product","2":"type-product","3":"status-publish","4":"has-post-thumbnail","6":"product_cat-furniture-system-romero-dolmar","7":"product_cat-chests-of-drawers","8":"product_cat-dolmar","10":"first","11":"instock","12":"purchasable","13":"product-type-simple"},"_links":{"self":[{"href":"https:\/\/baldumarket.lt\/lt\/wp-json\/wp\/v2\/product\/113717","targetHints":{"allow":["GET"]}}],"collection":[{"href":"https:\/\/baldumarket.lt\/lt\/wp-json\/wp\/v2\/product"}],"about":[{"href":"https:\/\/baldumarket.lt\/lt\/wp-json\/wp\/v2\/types\/product"}],"replies":[{"embeddable":true,"href":"https:\/\/baldumarket.lt\/lt\/wp-json\/wp\/v2\/comments?post=113717"}],"wp:featuredmedia":[{"embeddable":true,"href":"https:\/\/baldumarket.lt\/lt\/wp-json\/wp\/v2\/media\/113718"}],"wp:attachment":[{"href":"https:\/\/baldumarket.lt\/lt\/wp-json\/wp\/v2\/media?parent=113717"}],"wp:term":[{"taxonomy":"product_brand","embeddable":true,"href":"https:\/\/baldumarket.lt\/lt\/wp-json\/wp\/v2\/product_brand?post=113717"},{"taxonomy":"product_cat","embeddable":true,"href":"https:\/\/baldumarket.lt\/lt\/wp-json\/wp\/v2\/product_cat?post=113717"},{"taxonomy":"product_tag","embeddable":true,"href":"https:\/\/baldumarket.lt\/lt\/wp-json\/wp\/v2\/product_tag?post=113717"}],"curies":[{"name":"wp","href":"https:\/\/api.w.org\/{rel}","templated":true}]}}