{"id":113679,"date":"2025-12-10T03:02:46","date_gmt":"2025-12-10T00:02:46","guid":{"rendered":"https:\/\/baldumarket.lt\/product\/system-romero-r11-polka-d-strona-l-arusha\/"},"modified":"2026-02-03T23:41:15","modified_gmt":"2026-02-03T20:41:15","slug":"system-romero-r11-polka-d-strona-l-arusha","status":"publish","type":"product","link":"https:\/\/baldumarket.lt\/lt\/product\/system-romero-r11-polka-d-strona-l-arusha\/","title":{"rendered":"Sistema \u201eROMERO\u201c R11 (Lentyna D) &#8211; \u0160onin\u0117: Kair\u0117; Aru\u0161a"},"content":{"rendered":"<p>Sistema \u201cROMERO\u201d R11 (Lentyna D) \u2013 \u0160onas: Kairysis; Spalva: Aru\u0161a<\/p>","protected":false},"excerpt":{"rendered":"<p>Sistema \u201cROMERO\u201d R11 (Lentyna D) \u2013 \u0160onas: Kairysis; Spalva: Aru\u0161a<\/p>","protected":false},"featured_media":113680,"comment_status":"open","ping_status":"open","template":"","meta":[],"product_brand":[],"product_cat":[9291,2455,1174],"product_tag":[],"class_list":{"0":"post-113679","1":"product","2":"type-product","3":"status-publish","4":"has-post-thumbnail","6":"product_cat-furniture-system-romero-dolmar","7":"product_cat-dolmar","8":"product_cat-hanging-shelves","10":"first","11":"instock","12":"purchasable","13":"product-type-simple"},"_links":{"self":[{"href":"https:\/\/baldumarket.lt\/lt\/wp-json\/wp\/v2\/product\/113679","targetHints":{"allow":["GET"]}}],"collection":[{"href":"https:\/\/baldumarket.lt\/lt\/wp-json\/wp\/v2\/product"}],"about":[{"href":"https:\/\/baldumarket.lt\/lt\/wp-json\/wp\/v2\/types\/product"}],"replies":[{"embeddable":true,"href":"https:\/\/baldumarket.lt\/lt\/wp-json\/wp\/v2\/comments?post=113679"}],"wp:featuredmedia":[{"embeddable":true,"href":"https:\/\/baldumarket.lt\/lt\/wp-json\/wp\/v2\/media\/113680"}],"wp:attachment":[{"href":"https:\/\/baldumarket.lt\/lt\/wp-json\/wp\/v2\/media?parent=113679"}],"wp:term":[{"taxonomy":"product_brand","embeddable":true,"href":"https:\/\/baldumarket.lt\/lt\/wp-json\/wp\/v2\/product_brand?post=113679"},{"taxonomy":"product_cat","embeddable":true,"href":"https:\/\/baldumarket.lt\/lt\/wp-json\/wp\/v2\/product_cat?post=113679"},{"taxonomy":"product_tag","embeddable":true,"href":"https:\/\/baldumarket.lt\/lt\/wp-json\/wp\/v2\/product_tag?post=113679"}],"curies":[{"name":"wp","href":"https:\/\/api.w.org\/{rel}","templated":true}]}}