{"id":113671,"date":"2025-12-10T03:02:40","date_gmt":"2025-12-10T00:02:40","guid":{"rendered":"https:\/\/baldumarket.lt\/product\/poj-do-lozka-sosna-naturalna\/"},"modified":"2026-02-03T23:41:16","modified_gmt":"2026-02-03T20:41:16","slug":"poj-do-lozka-sosna-naturalna","status":"publish","type":"product","link":"https:\/\/baldumarket.lt\/lt\/product\/poj-do-lozka-sosna-naturalna\/","title":{"rendered":"Lovos daiktad\u0117\u017e\u0117 \u2013 nat\u016brali pu\u0161is"},"content":{"rendered":"<p>Lovos ROMA\/MARIKA\/KOSMA\/LAURA\/GAJA\/INKA\/ZUZA daiktad\u0117\u017e\u0117 \u2013 Korpuso spalva: nat\u016brali pu\u0161is<\/p>","protected":false},"excerpt":{"rendered":"<p>Lovos ROMA\/MARIKA\/KOSMA\/LAURA\/GAJA\/INKA\/ZUZA daiktad\u0117\u017e\u0117 \u2013 Korpuso spalva: nat\u016brali pu\u0161is<\/p>","protected":false},"featured_media":113672,"comment_status":"open","ping_status":"open","template":"","meta":[],"product_brand":[],"product_cat":[2455,1043],"product_tag":[],"class_list":{"0":"post-113671","1":"product","2":"type-product","3":"status-publish","4":"has-post-thumbnail","6":"product_cat-dolmar","7":"product_cat-extras","9":"first","10":"instock","11":"purchasable","12":"product-type-simple"},"_links":{"self":[{"href":"https:\/\/baldumarket.lt\/lt\/wp-json\/wp\/v2\/product\/113671","targetHints":{"allow":["GET"]}}],"collection":[{"href":"https:\/\/baldumarket.lt\/lt\/wp-json\/wp\/v2\/product"}],"about":[{"href":"https:\/\/baldumarket.lt\/lt\/wp-json\/wp\/v2\/types\/product"}],"replies":[{"embeddable":true,"href":"https:\/\/baldumarket.lt\/lt\/wp-json\/wp\/v2\/comments?post=113671"}],"wp:featuredmedia":[{"embeddable":true,"href":"https:\/\/baldumarket.lt\/lt\/wp-json\/wp\/v2\/media\/113672"}],"wp:attachment":[{"href":"https:\/\/baldumarket.lt\/lt\/wp-json\/wp\/v2\/media?parent=113671"}],"wp:term":[{"taxonomy":"product_brand","embeddable":true,"href":"https:\/\/baldumarket.lt\/lt\/wp-json\/wp\/v2\/product_brand?post=113671"},{"taxonomy":"product_cat","embeddable":true,"href":"https:\/\/baldumarket.lt\/lt\/wp-json\/wp\/v2\/product_cat?post=113671"},{"taxonomy":"product_tag","embeddable":true,"href":"https:\/\/baldumarket.lt\/lt\/wp-json\/wp\/v2\/product_tag?post=113671"}],"curies":[{"name":"wp","href":"https:\/\/api.w.org\/{rel}","templated":true}]}}