{"id":113663,"date":"2025-12-10T03:02:32","date_gmt":"2025-12-10T00:02:32","guid":{"rendered":"https:\/\/baldumarket.lt\/product\/lozko-mauricus-sosna-naturalna\/"},"modified":"2026-02-03T23:41:16","modified_gmt":"2026-02-03T20:41:16","slug":"lozko-mauricus-sosna-naturalna","status":"publish","type":"product","link":"https:\/\/baldumarket.lt\/lt\/product\/lozko-mauricus-sosna-naturalna\/","title":{"rendered":"Lova \u201eMAURICUS\u201c \u2013 nat\u016brali pu\u0161is"},"content":{"rendered":"<p>Prie lovos derantys \u010diu\u017einiai:<\/p>\n<p>200 x 90 x 8 P<br \/>\nPUT\u0172 \u010cIU\u017dINIS<\/p>\n<p>200 x 90 x 8 PL<br \/>\nPUT\u0172 + LATEKSO \u010cIU\u017dINIS<\/p>\n<p>200 x 90 x 8 vnt.<br \/>\nPUT\u0172 + KOKOS\u0172 \u010cIU\u017dINYS<\/p>\n<p>200 x 90 x 12 B<br \/>\nBONELL \u010cIU\u017dINIS<\/p>\n<p>200 x 90 x 12 MBL<br \/>\nVIENPUSIS \u010cIU\u017dINYS + LATEKSAS<\/p>\n<p>200 x 90 x 12 MBK<br \/>\nVIENPUSIS \u010cIU\u017dINYS + KOKOSAS<\/p>","protected":false},"excerpt":{"rendered":"<p>Lovai tinkantys \u010diu\u017einiai: 200 x 90 x 8 P PUT\u0172 POLISTROS PRODUKTO \u010cIU\u017dINIS 200 x 90 x 8 PL PUT\u0172 POLISTROS PRODUKTO + LATEKSO \u010cIU\u017dINIS 200 x 90 x 8 PK PUT\u0172 POLISTROS PRODUKTO + KOKOS\u0172 \u010cIU\u017dINIS 200 x 90 x 12 B BONELL \u010cIU\u017dINIS 200 x 90 x 12 MBL VIENPUSIS \u010cIU\u017dINIS + LATEKSO 200 x 90 x 12 [\u2026]<\/p>","protected":false},"featured_media":113664,"comment_status":"open","ping_status":"open","template":"","meta":[],"product_brand":[],"product_cat":[9282,505,2455],"product_tag":[],"class_list":{"0":"post-113663","1":"product","2":"type-product","3":"status-publish","4":"has-post-thumbnail","6":"product_cat-wooden-beds-dolmar","7":"product_cat-bedroom-beds","8":"product_cat-dolmar","10":"first","11":"instock","12":"purchasable","13":"product-type-simple"},"_links":{"self":[{"href":"https:\/\/baldumarket.lt\/lt\/wp-json\/wp\/v2\/product\/113663","targetHints":{"allow":["GET"]}}],"collection":[{"href":"https:\/\/baldumarket.lt\/lt\/wp-json\/wp\/v2\/product"}],"about":[{"href":"https:\/\/baldumarket.lt\/lt\/wp-json\/wp\/v2\/types\/product"}],"replies":[{"embeddable":true,"href":"https:\/\/baldumarket.lt\/lt\/wp-json\/wp\/v2\/comments?post=113663"}],"wp:featuredmedia":[{"embeddable":true,"href":"https:\/\/baldumarket.lt\/lt\/wp-json\/wp\/v2\/media\/113664"}],"wp:attachment":[{"href":"https:\/\/baldumarket.lt\/lt\/wp-json\/wp\/v2\/media?parent=113663"}],"wp:term":[{"taxonomy":"product_brand","embeddable":true,"href":"https:\/\/baldumarket.lt\/lt\/wp-json\/wp\/v2\/product_brand?post=113663"},{"taxonomy":"product_cat","embeddable":true,"href":"https:\/\/baldumarket.lt\/lt\/wp-json\/wp\/v2\/product_cat?post=113663"},{"taxonomy":"product_tag","embeddable":true,"href":"https:\/\/baldumarket.lt\/lt\/wp-json\/wp\/v2\/product_tag?post=113663"}],"curies":[{"name":"wp","href":"https:\/\/api.w.org\/{rel}","templated":true}]}}