{"id":113641,"date":"2025-12-10T03:02:12","date_gmt":"2025-12-10T00:02:12","guid":{"rendered":"https:\/\/baldumarket.lt\/product\/lozko-olaf-sosna-na-antracyt\/"},"modified":"2026-02-03T23:41:17","modified_gmt":"2026-02-03T20:41:17","slug":"lozko-olaf-sosna-na-antracyt","status":"publish","type":"product","link":"https:\/\/baldumarket.lt\/lt\/product\/lozko-olaf-sosna-na-antracyt\/","title":{"rendered":"Lova \u201eOLAF\u201c \u2013 pu\u0161is ant antracito"},"content":{"rendered":"<p>\u0160iai lovai tinkami \u010diu\u017einiai:<\/p>\n<p>190 x 90 x 8 P<br \/>\nPUT\u0172 \u010cIU\u017dINIS<\/p>\n<p>190 x 90 x 8 coli\u0173<br \/>\nPUT\u0172 + LATEKSO \u010cIU\u017dINIS<\/p>\n<p>190 x 90 x 8 vnt.<br \/>\nPUT\u0172 + KOKOS\u0172 \u010cIU\u017dINYS<\/p>\n<p>190 x 90 x 12 B<br \/>\nBONEL \u010cIU\u017dINIS<\/p>\n<p>190 x 90 x 12 MBL<br \/>\nVIENPUSIS MINI-BONEL \u010cIU\u017dINYS + LATEKSAS<\/p>\n<p>190 x 90 x 12 MBK<br \/>\nVIENPUSIS MINI-BONEL \u010cIU\u017dINYS + KOKOSAS<\/p>","protected":false},"excerpt":{"rendered":"<p>Mattresses suitable for this bed: 190 x 90 x 8 P FOAM MATTRESS 190 x 90 x 8 PL FOAM + LATEX MATTRESS 190 x 90 x 8 PK FOAM + COCONUT MATTRESS 190 x 90 x 12 B BONEL MATTRESS 190 x 90 x 12 MBL SINGLE-SIDED MINI-BONEL MATTRESS + LATEX 190 x 90 [&hellip;]<\/p>","protected":false},"featured_media":113642,"comment_status":"open","ping_status":"open","template":"","meta":[],"product_brand":[],"product_cat":[9282,505,2455],"product_tag":[],"class_list":{"0":"post-113641","1":"product","2":"type-product","3":"status-publish","4":"has-post-thumbnail","6":"product_cat-wooden-beds-dolmar","7":"product_cat-bedroom-beds","8":"product_cat-dolmar","10":"first","11":"instock","12":"purchasable","13":"product-type-simple"},"_links":{"self":[{"href":"https:\/\/baldumarket.lt\/lt\/wp-json\/wp\/v2\/product\/113641","targetHints":{"allow":["GET"]}}],"collection":[{"href":"https:\/\/baldumarket.lt\/lt\/wp-json\/wp\/v2\/product"}],"about":[{"href":"https:\/\/baldumarket.lt\/lt\/wp-json\/wp\/v2\/types\/product"}],"replies":[{"embeddable":true,"href":"https:\/\/baldumarket.lt\/lt\/wp-json\/wp\/v2\/comments?post=113641"}],"wp:featuredmedia":[{"embeddable":true,"href":"https:\/\/baldumarket.lt\/lt\/wp-json\/wp\/v2\/media\/113642"}],"wp:attachment":[{"href":"https:\/\/baldumarket.lt\/lt\/wp-json\/wp\/v2\/media?parent=113641"}],"wp:term":[{"taxonomy":"product_brand","embeddable":true,"href":"https:\/\/baldumarket.lt\/lt\/wp-json\/wp\/v2\/product_brand?post=113641"},{"taxonomy":"product_cat","embeddable":true,"href":"https:\/\/baldumarket.lt\/lt\/wp-json\/wp\/v2\/product_cat?post=113641"},{"taxonomy":"product_tag","embeddable":true,"href":"https:\/\/baldumarket.lt\/lt\/wp-json\/wp\/v2\/product_tag?post=113641"}],"curies":[{"name":"wp","href":"https:\/\/api.w.org\/{rel}","templated":true}]}}