{"id":113605,"date":"2025-12-10T03:01:38","date_gmt":"2025-12-10T00:01:38","guid":{"rendered":"https:\/\/baldumarket.lt\/product\/system-lofter-lo6-komoda-1d-4s-beton-millenium\/"},"modified":"2026-02-03T23:41:19","modified_gmt":"2026-02-03T20:41:19","slug":"system-lofter-lo6-komoda-1d-4s-beton-millenium","status":"publish","type":"product","link":"https:\/\/baldumarket.lt\/lt\/product\/system-lofter-lo6-komoda-1d-4s-beton-millenium\/","title":{"rendered":"\u201eLOFTER\u201c LO6 sistema (1D 4S komoda) \u2013 t\u016bkstantme\u010dio betonas"},"content":{"rendered":"<p>Komoda su vienomis durel\u0117mis ir keturiais stal\u010diais. Pagaminta i\u0161: korpuso: laminuotos med\u017eio dro\u017eli\u0173 plok\u0161t\u0117s \u201eWotan Oak\u201c, 16 mm, fasad\u0173: laminuotos med\u017eio dro\u017eli\u0173 plok\u0161t\u0117s \u201eWotan Oak\u201c, \u201eMillenium Concrete\u201c, 16 mm, vir\u0161aus: laminuotos med\u017eio dro\u017eli\u0173 plok\u0161t\u0117s \u201eWotan Oak\u201c, 16 mm, viduje: 1 x lentyna, ABS kra\u0161tas.<\/p>","protected":false},"excerpt":{"rendered":"<p>Komoda su vienomis durel\u0117mis ir keturiais stal\u010diais. Pagaminta i\u0161: korpuso: laminuotos med\u017eio dro\u017eli\u0173 plok\u0161t\u0117s \u201eWotan Oak\u201c, 16 mm, fasad\u0173: laminuotos med\u017eio dro\u017eli\u0173 plok\u0161t\u0117s \u201eWotan Oak\u201c, \u201eMillenium Concrete\u201c, 16 mm, vir\u0161aus: laminuotos med\u017eio dro\u017eli\u0173 plok\u0161t\u0117s \u201eWotan Oak\u201c, 16 mm, viduje: 1 x lentyna, ABS kra\u0161tas.<\/p>","protected":false},"featured_media":113606,"comment_status":"open","ping_status":"open","template":"","meta":[],"product_brand":[],"product_cat":[9287,1173,2455],"product_tag":[],"class_list":{"0":"post-113605","1":"product","2":"type-product","3":"status-publish","4":"has-post-thumbnail","6":"product_cat-furniture-system-lofter-dolmar","7":"product_cat-chests-of-drawers","8":"product_cat-dolmar","10":"first","11":"instock","12":"purchasable","13":"product-type-simple"},"_links":{"self":[{"href":"https:\/\/baldumarket.lt\/lt\/wp-json\/wp\/v2\/product\/113605","targetHints":{"allow":["GET"]}}],"collection":[{"href":"https:\/\/baldumarket.lt\/lt\/wp-json\/wp\/v2\/product"}],"about":[{"href":"https:\/\/baldumarket.lt\/lt\/wp-json\/wp\/v2\/types\/product"}],"replies":[{"embeddable":true,"href":"https:\/\/baldumarket.lt\/lt\/wp-json\/wp\/v2\/comments?post=113605"}],"wp:featuredmedia":[{"embeddable":true,"href":"https:\/\/baldumarket.lt\/lt\/wp-json\/wp\/v2\/media\/113606"}],"wp:attachment":[{"href":"https:\/\/baldumarket.lt\/lt\/wp-json\/wp\/v2\/media?parent=113605"}],"wp:term":[{"taxonomy":"product_brand","embeddable":true,"href":"https:\/\/baldumarket.lt\/lt\/wp-json\/wp\/v2\/product_brand?post=113605"},{"taxonomy":"product_cat","embeddable":true,"href":"https:\/\/baldumarket.lt\/lt\/wp-json\/wp\/v2\/product_cat?post=113605"},{"taxonomy":"product_tag","embeddable":true,"href":"https:\/\/baldumarket.lt\/lt\/wp-json\/wp\/v2\/product_tag?post=113605"}],"curies":[{"name":"wp","href":"https:\/\/api.w.org\/{rel}","templated":true}]}}