{"id":113599,"date":"2025-12-10T03:01:33","date_gmt":"2025-12-10T00:01:33","guid":{"rendered":"https:\/\/baldumarket.lt\/product\/system-lofter-lo3-witryna-4d-beton-millenium\/"},"modified":"2026-02-03T23:41:19","modified_gmt":"2026-02-03T20:41:19","slug":"system-lofter-lo3-witryna-4d-beton-millenium","status":"publish","type":"product","link":"https:\/\/baldumarket.lt\/lt\/product\/system-lofter-lo3-witryna-4d-beton-millenium\/","title":{"rendered":"\u201eLOFTER\u201c LO3 sistema (4D vitrina) \u2013 t\u016bkstantme\u010dio betonas"},"content":{"rendered":"<p>Stiklin\u0117 vitrina su keturiomis durel\u0117mis. Med\u017eiaga: korpusas: 16 mm Wotan \u0105\u017euolo laminuota med\u017eio dro\u017eli\u0173 plok\u0161t\u0117, fasadas: 16 mm Wotan \u0105\u017euolo laminuota med\u017eio dro\u017eli\u0173 plok\u0161t\u0117, \u201eMillenium Concrete\u201c, vir\u0161us: 16 mm Wotan \u0105\u017euolo laminuota med\u017eio dro\u017eli\u0173 plok\u0161t\u0117, vidus: 2 lentynos, 4 stiklin\u0117s lentynos, ABS kra\u0161tai. Papildoma parinktis: 4 LED ap\u0161vietimas.<\/p>","protected":false},"excerpt":{"rendered":"<p>Stiklin\u0117 vitrina su keturiomis durel\u0117mis. Med\u017eiaga: korpusas: 16 mm Wotan \u0105\u017euolo laminuota med\u017eio dro\u017eli\u0173 plok\u0161t\u0117, fasadas: 16 mm Wotan \u0105\u017euolo laminuota med\u017eio dro\u017eli\u0173 plok\u0161t\u0117, \u201eMillenium Concrete\u201c, vir\u0161us: 16 mm Wotan \u0105\u017euolo laminuota med\u017eio dro\u017eli\u0173 plok\u0161t\u0117, vidus: 2 lentynos, 4 stiklin\u0117s lentynos, ABS kra\u0161tai. Papildoma parinktis: 4 LED ap\u0161vietimas.<\/p>","protected":false},"featured_media":113600,"comment_status":"open","ping_status":"open","template":"","meta":[],"product_brand":[],"product_cat":[9287,2455,2006],"product_tag":[],"class_list":{"0":"post-113599","1":"product","2":"type-product","3":"status-publish","4":"has-post-thumbnail","6":"product_cat-furniture-system-lofter-dolmar","7":"product_cat-dolmar","8":"product_cat-vitrines","10":"first","11":"instock","12":"purchasable","13":"product-type-simple"},"_links":{"self":[{"href":"https:\/\/baldumarket.lt\/lt\/wp-json\/wp\/v2\/product\/113599","targetHints":{"allow":["GET"]}}],"collection":[{"href":"https:\/\/baldumarket.lt\/lt\/wp-json\/wp\/v2\/product"}],"about":[{"href":"https:\/\/baldumarket.lt\/lt\/wp-json\/wp\/v2\/types\/product"}],"replies":[{"embeddable":true,"href":"https:\/\/baldumarket.lt\/lt\/wp-json\/wp\/v2\/comments?post=113599"}],"wp:featuredmedia":[{"embeddable":true,"href":"https:\/\/baldumarket.lt\/lt\/wp-json\/wp\/v2\/media\/113600"}],"wp:attachment":[{"href":"https:\/\/baldumarket.lt\/lt\/wp-json\/wp\/v2\/media?parent=113599"}],"wp:term":[{"taxonomy":"product_brand","embeddable":true,"href":"https:\/\/baldumarket.lt\/lt\/wp-json\/wp\/v2\/product_brand?post=113599"},{"taxonomy":"product_cat","embeddable":true,"href":"https:\/\/baldumarket.lt\/lt\/wp-json\/wp\/v2\/product_cat?post=113599"},{"taxonomy":"product_tag","embeddable":true,"href":"https:\/\/baldumarket.lt\/lt\/wp-json\/wp\/v2\/product_tag?post=113599"}],"curies":[{"name":"wp","href":"https:\/\/api.w.org\/{rel}","templated":true}]}}