{"id":113593,"date":"2025-12-10T03:01:28","date_gmt":"2025-12-10T00:01:28","guid":{"rendered":"https:\/\/baldumarket.lt\/product\/system-lofter-lo11-regal\/"},"modified":"2026-02-03T23:41:19","modified_gmt":"2026-02-03T20:41:19","slug":"system-lofter-lo11-regal","status":"publish","type":"product","link":"https:\/\/baldumarket.lt\/lt\/product\/system-lofter-lo11-regal\/","title":{"rendered":"\u201eLOFTER\u201c LO11 sistema (lentyna)"},"content":{"rendered":"<p>Stulpelis su trimis lentynomis. Pagaminta i\u0161: korpuso: 16 mm \u201eBeton Millenium\u201c laminuotos med\u017eio dro\u017eli\u0173 plok\u0161t\u0117s, vir\u0161aus: 16 mm \u201eBeton Millenium\u201c laminuotos med\u017eio dro\u017eli\u0173 plok\u0161t\u0117s, viduje: 3 lentynos, ABS kra\u0161tas.<\/p>","protected":false},"excerpt":{"rendered":"<p>Stulpelis su trimis lentynomis. Pagaminta i\u0161: korpuso: 16 mm \u201eBeton Millenium\u201c laminuotos med\u017eio dro\u017eli\u0173 plok\u0161t\u0117s, vir\u0161aus: 16 mm \u201eBeton Millenium\u201c laminuotos med\u017eio dro\u017eli\u0173 plok\u0161t\u0117s, viduje: 3 lentynos, ABS kra\u0161tas.<\/p>","protected":false},"featured_media":113594,"comment_status":"open","ping_status":"open","template":"","meta":[],"product_brand":[],"product_cat":[9287,2455,1987],"product_tag":[],"class_list":{"0":"post-113593","1":"product","2":"type-product","3":"status-publish","4":"has-post-thumbnail","6":"product_cat-furniture-system-lofter-dolmar","7":"product_cat-dolmar","8":"product_cat-shelving-units","10":"first","11":"instock","12":"purchasable","13":"product-type-simple"},"_links":{"self":[{"href":"https:\/\/baldumarket.lt\/lt\/wp-json\/wp\/v2\/product\/113593","targetHints":{"allow":["GET"]}}],"collection":[{"href":"https:\/\/baldumarket.lt\/lt\/wp-json\/wp\/v2\/product"}],"about":[{"href":"https:\/\/baldumarket.lt\/lt\/wp-json\/wp\/v2\/types\/product"}],"replies":[{"embeddable":true,"href":"https:\/\/baldumarket.lt\/lt\/wp-json\/wp\/v2\/comments?post=113593"}],"wp:featuredmedia":[{"embeddable":true,"href":"https:\/\/baldumarket.lt\/lt\/wp-json\/wp\/v2\/media\/113594"}],"wp:attachment":[{"href":"https:\/\/baldumarket.lt\/lt\/wp-json\/wp\/v2\/media?parent=113593"}],"wp:term":[{"taxonomy":"product_brand","embeddable":true,"href":"https:\/\/baldumarket.lt\/lt\/wp-json\/wp\/v2\/product_brand?post=113593"},{"taxonomy":"product_cat","embeddable":true,"href":"https:\/\/baldumarket.lt\/lt\/wp-json\/wp\/v2\/product_cat?post=113593"},{"taxonomy":"product_tag","embeddable":true,"href":"https:\/\/baldumarket.lt\/lt\/wp-json\/wp\/v2\/product_tag?post=113593"}],"curies":[{"name":"wp","href":"https:\/\/api.w.org\/{rel}","templated":true}]}}