{"id":113589,"date":"2025-12-10T03:01:24","date_gmt":"2025-12-10T00:01:24","guid":{"rendered":"https:\/\/baldumarket.lt\/product\/system-lofter-lo1-szafa-2d-2s-beton-millenium\/"},"modified":"2026-02-03T23:41:20","modified_gmt":"2026-02-03T20:41:20","slug":"system-lofter-lo1-szafa-2d-2s-beton-millenium","status":"publish","type":"product","link":"https:\/\/baldumarket.lt\/lt\/product\/system-lofter-lo1-szafa-2d-2s-beton-millenium\/","title":{"rendered":"\u201eLOFTER\u201c LO1 sistema (2D 2S spinta) \u2013 t\u016bkstantme\u010dio betonas"},"content":{"rendered":"<p>Spinta su dviem durimis. Med\u017eiaga: korpusas: laminuota med\u017eio dro\u017eli\u0173 plok\u0161t\u0117 \u201eWotan Oak\u201c, 16 mm, fasadai: laminuota med\u017eio dro\u017eli\u0173 plok\u0161t\u0117 \u201eWotan Oak\u201c, \u201eMillenium Concrete\u201c, 16 mm, vir\u0161us: laminuota med\u017eio dro\u017eli\u0173 plok\u0161t\u0117 \u201eWotan Oak\u201c, 16 mm, vidus: 1 x drabu\u017ei\u0173 kabykla, 2 x stal\u010diai, ABS kra\u0161tai.<\/p>","protected":false},"excerpt":{"rendered":"<p>Spinta su dviem durimis. Med\u017eiaga: korpusas: laminuota med\u017eio dro\u017eli\u0173 plok\u0161t\u0117 \u201eWotan Oak\u201c, 16 mm, fasadai: laminuota med\u017eio dro\u017eli\u0173 plok\u0161t\u0117 \u201eWotan Oak\u201c, \u201eMillenium Concrete\u201c, 16 mm, vir\u0161us: laminuota med\u017eio dro\u017eli\u0173 plok\u0161t\u0117 \u201eWotan Oak\u201c, 16 mm, vidus: 1 x drabu\u017ei\u0173 kabykla, 2 x stal\u010diai, ABS kra\u0161tai.<\/p>","protected":false},"featured_media":113590,"comment_status":"open","ping_status":"open","template":"","meta":[],"product_brand":[],"product_cat":[9287,2455,1177],"product_tag":[],"class_list":{"0":"post-113589","1":"product","2":"type-product","3":"status-publish","4":"has-post-thumbnail","6":"product_cat-furniture-system-lofter-dolmar","7":"product_cat-dolmar","8":"product_cat-wardrobes","10":"first","11":"instock","12":"purchasable","13":"product-type-simple"},"_links":{"self":[{"href":"https:\/\/baldumarket.lt\/lt\/wp-json\/wp\/v2\/product\/113589","targetHints":{"allow":["GET"]}}],"collection":[{"href":"https:\/\/baldumarket.lt\/lt\/wp-json\/wp\/v2\/product"}],"about":[{"href":"https:\/\/baldumarket.lt\/lt\/wp-json\/wp\/v2\/types\/product"}],"replies":[{"embeddable":true,"href":"https:\/\/baldumarket.lt\/lt\/wp-json\/wp\/v2\/comments?post=113589"}],"wp:featuredmedia":[{"embeddable":true,"href":"https:\/\/baldumarket.lt\/lt\/wp-json\/wp\/v2\/media\/113590"}],"wp:attachment":[{"href":"https:\/\/baldumarket.lt\/lt\/wp-json\/wp\/v2\/media?parent=113589"}],"wp:term":[{"taxonomy":"product_brand","embeddable":true,"href":"https:\/\/baldumarket.lt\/lt\/wp-json\/wp\/v2\/product_brand?post=113589"},{"taxonomy":"product_cat","embeddable":true,"href":"https:\/\/baldumarket.lt\/lt\/wp-json\/wp\/v2\/product_cat?post=113589"},{"taxonomy":"product_tag","embeddable":true,"href":"https:\/\/baldumarket.lt\/lt\/wp-json\/wp\/v2\/product_tag?post=113589"}],"curies":[{"name":"wp","href":"https:\/\/api.w.org\/{rel}","templated":true}]}}