{"id":113583,"date":"2025-12-10T03:01:18","date_gmt":"2025-12-10T00:01:18","guid":{"rendered":"https:\/\/baldumarket.lt\/product\/oswietlenie-led-2-punktowe\/"},"modified":"2026-02-03T23:41:20","modified_gmt":"2026-02-03T20:41:20","slug":"oswietlenie-led-2-punktowe","status":"publish","type":"product","link":"https:\/\/baldumarket.lt\/lt\/product\/oswietlenie-led-2-punktowe\/","title":{"rendered":"2 ta\u0161k\u0173 LED ap\u0161vietimas"},"content":{"rendered":"<p>Ap\u0161vietimas tinka \u0161ioms sistemoms:<br \/>\nRomero R7<br \/>\nGappa GA4<br \/>\nSvenas SV4<br \/>\nLamelo LA2<br \/>\nLamelo LA3<br \/>\nTila TI1<\/p>","protected":false},"excerpt":{"rendered":"<p>Ap\u0161vietimas tinka \u0161ioms sistemoms: Romero R7 Gappa GA4 Sven SV4 Lamelo LA2 Lamelo LA3 Tila TI1<\/p>","protected":false},"featured_media":113584,"comment_status":"open","ping_status":"open","template":"","meta":[],"product_brand":[],"product_cat":[2455,1043],"product_tag":[],"class_list":{"0":"post-113583","1":"product","2":"type-product","3":"status-publish","4":"has-post-thumbnail","6":"product_cat-dolmar","7":"product_cat-extras","9":"first","10":"instock","11":"purchasable","12":"product-type-simple"},"_links":{"self":[{"href":"https:\/\/baldumarket.lt\/lt\/wp-json\/wp\/v2\/product\/113583","targetHints":{"allow":["GET"]}}],"collection":[{"href":"https:\/\/baldumarket.lt\/lt\/wp-json\/wp\/v2\/product"}],"about":[{"href":"https:\/\/baldumarket.lt\/lt\/wp-json\/wp\/v2\/types\/product"}],"replies":[{"embeddable":true,"href":"https:\/\/baldumarket.lt\/lt\/wp-json\/wp\/v2\/comments?post=113583"}],"wp:featuredmedia":[{"embeddable":true,"href":"https:\/\/baldumarket.lt\/lt\/wp-json\/wp\/v2\/media\/113584"}],"wp:attachment":[{"href":"https:\/\/baldumarket.lt\/lt\/wp-json\/wp\/v2\/media?parent=113583"}],"wp:term":[{"taxonomy":"product_brand","embeddable":true,"href":"https:\/\/baldumarket.lt\/lt\/wp-json\/wp\/v2\/product_brand?post=113583"},{"taxonomy":"product_cat","embeddable":true,"href":"https:\/\/baldumarket.lt\/lt\/wp-json\/wp\/v2\/product_cat?post=113583"},{"taxonomy":"product_tag","embeddable":true,"href":"https:\/\/baldumarket.lt\/lt\/wp-json\/wp\/v2\/product_tag?post=113583"}],"curies":[{"name":"wp","href":"https:\/\/api.w.org\/{rel}","templated":true}]}}