{"id":113571,"date":"2025-12-10T03:01:08","date_gmt":"2025-12-10T00:01:08","guid":{"rendered":"https:\/\/baldumarket.lt\/product\/system-lamelo-la4-regal-2d2s-czarny\/"},"modified":"2026-02-03T23:41:21","modified_gmt":"2026-02-03T20:41:21","slug":"system-lamelo-la4-regal-2d2s-czarny","status":"publish","type":"product","link":"https:\/\/baldumarket.lt\/lt\/product\/system-lamelo-la4-regal-2d2s-czarny\/","title":{"rendered":"\u201eLAMELO\u201c LA4 sistema (2D2S lentyna) \u2013 juoda"},"content":{"rendered":"<p>Vitrina su dviem durel\u0117mis ir dviem stal\u010diais. Med\u017eiaga: korpusas: laminuota med\u017eio dro\u017eli\u0173 plok\u0161t\u0117 \u201eWotan Oak\u201c, 16 mm, fasadas: laminuota med\u017eio dro\u017eli\u0173 plok\u0161t\u0117 \u201eWotan Oak\u201c, 16 mm, vir\u0161us: laminuota med\u017eio dro\u017eli\u0173 plok\u0161t\u0117 \u201eWotan Oak\u201c, 22 mm, vidus: 6 lentynos (4 reguliuojamo auk\u0161\u010dio lentynos), 2 atviros lentynos be dureli\u0173, 2 stal\u010diai ant b\u0117geli\u0173, plastikin\u0117 rankena, PVC kra\u0161tas.<\/p>","protected":false},"excerpt":{"rendered":"<p>Vitrina su dviem durel\u0117mis ir dviem stal\u010diais. Med\u017eiaga: korpusas: laminuota med\u017eio dro\u017eli\u0173 plok\u0161t\u0117 \u201eWotan Oak\u201c, 16 mm, fasadas: laminuota med\u017eio dro\u017eli\u0173 plok\u0161t\u0117 \u201eWotan Oak\u201c, 16 mm, vir\u0161us: laminuota med\u017eio dro\u017eli\u0173 plok\u0161t\u0117 \u201eWotan Oak\u201c, 22 mm, vidus: 6 lentynos (4 reguliuojamo auk\u0161\u010dio lentynos), 2 atviros lentynos be dureli\u0173, 2 stal\u010diai ant b\u0117geli\u0173, plastikin\u0117 rankena, PVC kra\u0161tas.<\/p>","protected":false},"featured_media":113572,"comment_status":"open","ping_status":"open","template":"","meta":[],"product_brand":[],"product_cat":[9286,2455,1987],"product_tag":[],"class_list":{"0":"post-113571","1":"product","2":"type-product","3":"status-publish","4":"has-post-thumbnail","6":"product_cat-furniture-system-lamelo-dolmar","7":"product_cat-dolmar","8":"product_cat-shelving-units","10":"first","11":"instock","12":"purchasable","13":"product-type-simple"},"_links":{"self":[{"href":"https:\/\/baldumarket.lt\/lt\/wp-json\/wp\/v2\/product\/113571","targetHints":{"allow":["GET"]}}],"collection":[{"href":"https:\/\/baldumarket.lt\/lt\/wp-json\/wp\/v2\/product"}],"about":[{"href":"https:\/\/baldumarket.lt\/lt\/wp-json\/wp\/v2\/types\/product"}],"replies":[{"embeddable":true,"href":"https:\/\/baldumarket.lt\/lt\/wp-json\/wp\/v2\/comments?post=113571"}],"wp:featuredmedia":[{"embeddable":true,"href":"https:\/\/baldumarket.lt\/lt\/wp-json\/wp\/v2\/media\/113572"}],"wp:attachment":[{"href":"https:\/\/baldumarket.lt\/lt\/wp-json\/wp\/v2\/media?parent=113571"}],"wp:term":[{"taxonomy":"product_brand","embeddable":true,"href":"https:\/\/baldumarket.lt\/lt\/wp-json\/wp\/v2\/product_brand?post=113571"},{"taxonomy":"product_cat","embeddable":true,"href":"https:\/\/baldumarket.lt\/lt\/wp-json\/wp\/v2\/product_cat?post=113571"},{"taxonomy":"product_tag","embeddable":true,"href":"https:\/\/baldumarket.lt\/lt\/wp-json\/wp\/v2\/product_tag?post=113571"}],"curies":[{"name":"wp","href":"https:\/\/api.w.org\/{rel}","templated":true}]}}