{"id":113565,"date":"2025-12-10T03:01:01","date_gmt":"2025-12-10T00:01:01","guid":{"rendered":"https:\/\/baldumarket.lt\/product\/system-lamelo-la3-witryna-2d1w-czarny\/"},"modified":"2026-02-03T23:41:21","modified_gmt":"2026-02-03T20:41:21","slug":"system-lamelo-la3-witryna-2d1w-czarny","status":"publish","type":"product","link":"https:\/\/baldumarket.lt\/lt\/product\/system-lamelo-la3-witryna-2d1w-czarny\/","title":{"rendered":"\u201eLAMELO\u201c LA3 sistema (2D1W vitrina) \u2013 juoda"},"content":{"rendered":"<p>Vitrina su trimis durel\u0117mis ir stiklu. Med\u017eiaga: korpusas: 16 mm Wotan \u0105\u017euolo laminuota med\u017eio dro\u017eli\u0173 plok\u0161t\u0117, fasadas: 16 mm matin\u0117s juodos laminuota med\u017eio dro\u017eli\u0173 plok\u0161t\u0117, fasadas: stiklas, vir\u0161us: 22 mm Wotan \u0105\u017euolo laminuota med\u017eio dro\u017eli\u0173 plok\u0161t\u0117, vidus: 6 lentynos, 2 stiklin\u0117s lentynos, 1 atvira lentyna be dureli\u0173, pasirenkami priedai: LED ap\u0161vietimas, plastikin\u0117 rankena, PVC apvadai. Papildoma parinktis: 2 LED lemput\u0117s.<\/p>","protected":false},"excerpt":{"rendered":"<p>Vitrina su trimis durel\u0117mis ir stiklu. Med\u017eiaga: korpusas: 16 mm Wotan \u0105\u017euolo laminuota med\u017eio dro\u017eli\u0173 plok\u0161t\u0117, fasadas: 16 mm matin\u0117s juodos laminuota med\u017eio dro\u017eli\u0173 plok\u0161t\u0117, fasadas: stiklas, vir\u0161us: 22 mm Wotan \u0105\u017euolo laminuota med\u017eio dro\u017eli\u0173 plok\u0161t\u0117, vidus: 6 lentynos, 2 stiklin\u0117s lentynos, 1 atvira lentyna be dureli\u0173, pasirenkami priedai: LED ap\u0161vietimas, plastikin\u0117 rankena, PVC apvadai. Papildoma parinktis: 2 LED lemput\u0117s.<\/p>","protected":false},"featured_media":113566,"comment_status":"open","ping_status":"open","template":"","meta":[],"product_brand":[],"product_cat":[9286,2455,2006],"product_tag":[],"class_list":{"0":"post-113565","1":"product","2":"type-product","3":"status-publish","4":"has-post-thumbnail","6":"product_cat-furniture-system-lamelo-dolmar","7":"product_cat-dolmar","8":"product_cat-vitrines","10":"first","11":"instock","12":"purchasable","13":"product-type-simple"},"_links":{"self":[{"href":"https:\/\/baldumarket.lt\/lt\/wp-json\/wp\/v2\/product\/113565","targetHints":{"allow":["GET"]}}],"collection":[{"href":"https:\/\/baldumarket.lt\/lt\/wp-json\/wp\/v2\/product"}],"about":[{"href":"https:\/\/baldumarket.lt\/lt\/wp-json\/wp\/v2\/types\/product"}],"replies":[{"embeddable":true,"href":"https:\/\/baldumarket.lt\/lt\/wp-json\/wp\/v2\/comments?post=113565"}],"wp:featuredmedia":[{"embeddable":true,"href":"https:\/\/baldumarket.lt\/lt\/wp-json\/wp\/v2\/media\/113566"}],"wp:attachment":[{"href":"https:\/\/baldumarket.lt\/lt\/wp-json\/wp\/v2\/media?parent=113565"}],"wp:term":[{"taxonomy":"product_brand","embeddable":true,"href":"https:\/\/baldumarket.lt\/lt\/wp-json\/wp\/v2\/product_brand?post=113565"},{"taxonomy":"product_cat","embeddable":true,"href":"https:\/\/baldumarket.lt\/lt\/wp-json\/wp\/v2\/product_cat?post=113565"},{"taxonomy":"product_tag","embeddable":true,"href":"https:\/\/baldumarket.lt\/lt\/wp-json\/wp\/v2\/product_tag?post=113565"}],"curies":[{"name":"wp","href":"https:\/\/api.w.org\/{rel}","templated":true}]}}