{"id":113557,"date":"2025-12-10T03:00:53","date_gmt":"2025-12-10T00:00:53","guid":{"rendered":"https:\/\/baldumarket.lt\/product\/system-lamelo-la14-czarny\/"},"modified":"2026-02-03T23:41:21","modified_gmt":"2026-02-03T20:41:21","slug":"system-lamelo-la14-czarny","status":"publish","type":"product","link":"https:\/\/baldumarket.lt\/lt\/product\/system-lamelo-la14-czarny\/","title":{"rendered":"Sistema \u201eLAMELO\u201c LA14 &#8211; juoda"},"content":{"rendered":"<p>I\u0161traukiamas stalas. Pagaminta i\u0161: stalvir\u0161io: laminuotos med\u017eio dro\u017eli\u0173 plok\u0161t\u0117s \u201eWotan Oak\u201c, 32 mm, cokolio: laminuotos med\u017eio dro\u017eli\u0173 plok\u0161t\u0117s, juodos matin\u0117s, 16 mm, plienini\u0173 kojeli\u0173 \u2013 da\u017eyt\u0173 milteliniu b\u016bdu, profilio 80 mm x 20 mm, 2 x stalo prailginimo \u012fd\u0117klai 2 x 400 mm, stal\u0105 galima prailginti 2 x 40 cm \u012fd\u0117klais, PVC kra\u0161t\u0173.<\/p>","protected":false},"excerpt":{"rendered":"<p>I\u0161traukiamas stalas. Pagaminta i\u0161: stalvir\u0161io: laminuotos med\u017eio dro\u017eli\u0173 plok\u0161t\u0117s \u201eWotan Oak\u201c, 32 mm, cokolio: laminuotos med\u017eio dro\u017eli\u0173 plok\u0161t\u0117s, juodos matin\u0117s, 16 mm, plienini\u0173 kojeli\u0173 \u2013 da\u017eyt\u0173 milteliniu b\u016bdu, profilio 80 mm x 20 mm, 2 x stalo prailginimo \u012fd\u0117klai 2 x 400 mm, stal\u0105 galima prailginti 2 x 40 cm \u012fd\u0117klais, PVC kra\u0161t\u0173.<\/p>","protected":false},"featured_media":113558,"comment_status":"open","ping_status":"open","template":"","meta":[],"product_brand":[],"product_cat":[9286,2455,1934],"product_tag":[],"class_list":{"0":"post-113557","1":"product","2":"type-product","3":"status-publish","4":"has-post-thumbnail","6":"product_cat-furniture-system-lamelo-dolmar","7":"product_cat-dolmar","8":"product_cat-tables","10":"first","11":"instock","12":"purchasable","13":"product-type-simple"},"_links":{"self":[{"href":"https:\/\/baldumarket.lt\/lt\/wp-json\/wp\/v2\/product\/113557","targetHints":{"allow":["GET"]}}],"collection":[{"href":"https:\/\/baldumarket.lt\/lt\/wp-json\/wp\/v2\/product"}],"about":[{"href":"https:\/\/baldumarket.lt\/lt\/wp-json\/wp\/v2\/types\/product"}],"replies":[{"embeddable":true,"href":"https:\/\/baldumarket.lt\/lt\/wp-json\/wp\/v2\/comments?post=113557"}],"wp:featuredmedia":[{"embeddable":true,"href":"https:\/\/baldumarket.lt\/lt\/wp-json\/wp\/v2\/media\/113558"}],"wp:attachment":[{"href":"https:\/\/baldumarket.lt\/lt\/wp-json\/wp\/v2\/media?parent=113557"}],"wp:term":[{"taxonomy":"product_brand","embeddable":true,"href":"https:\/\/baldumarket.lt\/lt\/wp-json\/wp\/v2\/product_brand?post=113557"},{"taxonomy":"product_cat","embeddable":true,"href":"https:\/\/baldumarket.lt\/lt\/wp-json\/wp\/v2\/product_cat?post=113557"},{"taxonomy":"product_tag","embeddable":true,"href":"https:\/\/baldumarket.lt\/lt\/wp-json\/wp\/v2\/product_tag?post=113557"}],"curies":[{"name":"wp","href":"https:\/\/api.w.org\/{rel}","templated":true}]}}