{"id":113549,"date":"2025-12-10T03:00:46","date_gmt":"2025-12-10T00:00:46","guid":{"rendered":"https:\/\/baldumarket.lt\/product\/system-lamelo-la12-polka-czarny\/"},"modified":"2026-02-03T23:41:22","modified_gmt":"2026-02-03T20:41:22","slug":"system-lamelo-la12-polka-czarny","status":"publish","type":"product","link":"https:\/\/baldumarket.lt\/lt\/product\/system-lamelo-la12-polka-czarny\/","title":{"rendered":"Sistema \u201eLAMELO\u201c LA12 (Lentyna) \u2013 juoda"},"content":{"rendered":"<p>Lentyna. Pagaminta i\u0161: pakabinimo elemento: laminuotos med\u017eio dro\u017eli\u0173 plok\u0161t\u0117s (juodos matin\u0117s), 16 mm, lentynos: laminuotos med\u017eio dro\u017eli\u0173 plok\u0161t\u0117s (Wotan \u0105\u017euolo), 16 mm, 1 x lentyna, PVC kra\u0161tas.<\/p>","protected":false},"excerpt":{"rendered":"<p>Lentyna. Pagaminta i\u0161: pakabinimo elemento: laminuotos med\u017eio dro\u017eli\u0173 plok\u0161t\u0117s (juodos matin\u0117s), 16 mm, lentynos: laminuotos med\u017eio dro\u017eli\u0173 plok\u0161t\u0117s (Wotan \u0105\u017euolo), 16 mm, 1 x lentyna, PVC kra\u0161tas.<\/p>","protected":false},"featured_media":113550,"comment_status":"open","ping_status":"open","template":"","meta":[],"product_brand":[],"product_cat":[9286,2455,1174],"product_tag":[],"class_list":{"0":"post-113549","1":"product","2":"type-product","3":"status-publish","4":"has-post-thumbnail","6":"product_cat-furniture-system-lamelo-dolmar","7":"product_cat-dolmar","8":"product_cat-hanging-shelves","10":"first","11":"instock","12":"purchasable","13":"product-type-simple"},"_links":{"self":[{"href":"https:\/\/baldumarket.lt\/lt\/wp-json\/wp\/v2\/product\/113549","targetHints":{"allow":["GET"]}}],"collection":[{"href":"https:\/\/baldumarket.lt\/lt\/wp-json\/wp\/v2\/product"}],"about":[{"href":"https:\/\/baldumarket.lt\/lt\/wp-json\/wp\/v2\/types\/product"}],"replies":[{"embeddable":true,"href":"https:\/\/baldumarket.lt\/lt\/wp-json\/wp\/v2\/comments?post=113549"}],"wp:featuredmedia":[{"embeddable":true,"href":"https:\/\/baldumarket.lt\/lt\/wp-json\/wp\/v2\/media\/113550"}],"wp:attachment":[{"href":"https:\/\/baldumarket.lt\/lt\/wp-json\/wp\/v2\/media?parent=113549"}],"wp:term":[{"taxonomy":"product_brand","embeddable":true,"href":"https:\/\/baldumarket.lt\/lt\/wp-json\/wp\/v2\/product_brand?post=113549"},{"taxonomy":"product_cat","embeddable":true,"href":"https:\/\/baldumarket.lt\/lt\/wp-json\/wp\/v2\/product_cat?post=113549"},{"taxonomy":"product_tag","embeddable":true,"href":"https:\/\/baldumarket.lt\/lt\/wp-json\/wp\/v2\/product_tag?post=113549"}],"curies":[{"name":"wp","href":"https:\/\/api.w.org\/{rel}","templated":true}]}}