{"id":113539,"date":"2025-12-10T03:00:37","date_gmt":"2025-12-10T00:00:37","guid":{"rendered":"https:\/\/baldumarket.lt\/product\/system-lamelo-la10-regal-otwarty-czarny\/"},"modified":"2026-02-03T23:41:22","modified_gmt":"2026-02-03T20:41:22","slug":"system-lamelo-la10-regal-otwarty-czarny","status":"publish","type":"product","link":"https:\/\/baldumarket.lt\/lt\/product\/system-lamelo-la10-regal-otwarty-czarny\/","title":{"rendered":"\u201eLAMELO\u201c LA10 sistema (atvira lentyna) \u2013 juoda"},"content":{"rendered":"<p>Lentyna su keturiomis lentynomis. Pagaminta i\u0161: vir\u0161aus: laminuotos med\u017eio dro\u017eli\u0173 plok\u0161t\u0117s \u201eWotan Oak\u201c 22 mm, lentynos: laminuotos med\u017eio dro\u017eli\u0173 plok\u0161t\u0117s \u201eWotan Oak\u201c 16 mm, 4 lentynos, 5 \u012fdubos, PVC kra\u0161tas.<\/p>","protected":false},"excerpt":{"rendered":"<p>Lentyna su keturiomis lentynomis. Pagaminta i\u0161: vir\u0161aus: laminuotos med\u017eio dro\u017eli\u0173 plok\u0161t\u0117s \u201eWotan Oak\u201c 22 mm, lentynos: laminuotos med\u017eio dro\u017eli\u0173 plok\u0161t\u0117s \u201eWotan Oak\u201c 16 mm, 4 lentynos, 5 \u012fdubos, PVC kra\u0161tas.<\/p>","protected":false},"featured_media":113540,"comment_status":"open","ping_status":"open","template":"","meta":[],"product_brand":[],"product_cat":[9286,2455,1987],"product_tag":[],"class_list":{"0":"post-113539","1":"product","2":"type-product","3":"status-publish","4":"has-post-thumbnail","6":"product_cat-furniture-system-lamelo-dolmar","7":"product_cat-dolmar","8":"product_cat-shelving-units","10":"first","11":"instock","12":"purchasable","13":"product-type-simple"},"_links":{"self":[{"href":"https:\/\/baldumarket.lt\/lt\/wp-json\/wp\/v2\/product\/113539","targetHints":{"allow":["GET"]}}],"collection":[{"href":"https:\/\/baldumarket.lt\/lt\/wp-json\/wp\/v2\/product"}],"about":[{"href":"https:\/\/baldumarket.lt\/lt\/wp-json\/wp\/v2\/types\/product"}],"replies":[{"embeddable":true,"href":"https:\/\/baldumarket.lt\/lt\/wp-json\/wp\/v2\/comments?post=113539"}],"wp:featuredmedia":[{"embeddable":true,"href":"https:\/\/baldumarket.lt\/lt\/wp-json\/wp\/v2\/media\/113540"}],"wp:attachment":[{"href":"https:\/\/baldumarket.lt\/lt\/wp-json\/wp\/v2\/media?parent=113539"}],"wp:term":[{"taxonomy":"product_brand","embeddable":true,"href":"https:\/\/baldumarket.lt\/lt\/wp-json\/wp\/v2\/product_brand?post=113539"},{"taxonomy":"product_cat","embeddable":true,"href":"https:\/\/baldumarket.lt\/lt\/wp-json\/wp\/v2\/product_cat?post=113539"},{"taxonomy":"product_tag","embeddable":true,"href":"https:\/\/baldumarket.lt\/lt\/wp-json\/wp\/v2\/product_tag?post=113539"}],"curies":[{"name":"wp","href":"https:\/\/api.w.org\/{rel}","templated":true}]}}