{"id":113527,"date":"2025-12-10T03:00:24","date_gmt":"2025-12-10T00:00:24","guid":{"rendered":"https:\/\/baldumarket.lt\/product\/system-lamelo-la9-lawa-czarny\/"},"modified":"2026-02-03T23:41:22","modified_gmt":"2026-02-03T20:41:22","slug":"system-lamelo-la9-lawa-czarny","status":"publish","type":"product","link":"https:\/\/baldumarket.lt\/lt\/product\/system-lamelo-la9-lawa-czarny\/","title":{"rendered":"\u201eLAMELO\u201c LA9 sistema (suoliukas) \u2013 juoda"},"content":{"rendered":"<p>Kavos staliukas su viena lentyna. Med\u017eiaga: stalvir\u0161is: laminuota med\u017eio dro\u017eli\u0173 plok\u0161t\u0117 \u201eWotan Oak\u201c 22 mm, korpusas: laminuota med\u017eio dro\u017eli\u0173 plok\u0161t\u0117, juoda matin\u0117 16 mm, plienin\u0117s kojel\u0117s \u2013 da\u017eytos milteliniu b\u016bdu, profilis 80 mm x 20 mm, 1 lentyna, PVC kra\u0161tas.<\/p>","protected":false},"excerpt":{"rendered":"<p>Kavos staliukas su viena lentyna. Med\u017eiaga: stalvir\u0161is: laminuota med\u017eio dro\u017eli\u0173 plok\u0161t\u0117 \u201eWotan Oak\u201c 22 mm, korpusas: laminuota med\u017eio dro\u017eli\u0173 plok\u0161t\u0117, juoda matin\u0117 16 mm, plienin\u0117s kojel\u0117s \u2013 da\u017eytos milteliniu b\u016bdu, profilis 80 mm x 20 mm, 1 lentyna, PVC kra\u0161tas.<\/p>","protected":false},"featured_media":113528,"comment_status":"open","ping_status":"open","template":"","meta":[],"product_brand":[],"product_cat":[9286,866,2455],"product_tag":[],"class_list":{"0":"post-113527","1":"product","2":"type-product","3":"status-publish","4":"has-post-thumbnail","6":"product_cat-furniture-system-lamelo-dolmar","7":"product_cat-coffee-tables","8":"product_cat-dolmar","10":"first","11":"instock","12":"purchasable","13":"product-type-simple"},"_links":{"self":[{"href":"https:\/\/baldumarket.lt\/lt\/wp-json\/wp\/v2\/product\/113527","targetHints":{"allow":["GET"]}}],"collection":[{"href":"https:\/\/baldumarket.lt\/lt\/wp-json\/wp\/v2\/product"}],"about":[{"href":"https:\/\/baldumarket.lt\/lt\/wp-json\/wp\/v2\/types\/product"}],"replies":[{"embeddable":true,"href":"https:\/\/baldumarket.lt\/lt\/wp-json\/wp\/v2\/comments?post=113527"}],"wp:featuredmedia":[{"embeddable":true,"href":"https:\/\/baldumarket.lt\/lt\/wp-json\/wp\/v2\/media\/113528"}],"wp:attachment":[{"href":"https:\/\/baldumarket.lt\/lt\/wp-json\/wp\/v2\/media?parent=113527"}],"wp:term":[{"taxonomy":"product_brand","embeddable":true,"href":"https:\/\/baldumarket.lt\/lt\/wp-json\/wp\/v2\/product_brand?post=113527"},{"taxonomy":"product_cat","embeddable":true,"href":"https:\/\/baldumarket.lt\/lt\/wp-json\/wp\/v2\/product_cat?post=113527"},{"taxonomy":"product_tag","embeddable":true,"href":"https:\/\/baldumarket.lt\/lt\/wp-json\/wp\/v2\/product_tag?post=113527"}],"curies":[{"name":"wp","href":"https:\/\/api.w.org\/{rel}","templated":true}]}}