{"id":113521,"date":"2025-12-10T03:00:19","date_gmt":"2025-12-10T00:00:19","guid":{"rendered":"https:\/\/baldumarket.lt\/product\/system-lamelo-la7-rtv-2d1s-czarny\/"},"modified":"2026-02-03T23:41:23","modified_gmt":"2026-02-03T20:41:23","slug":"system-lamelo-la7-rtv-2d1s-czarny","status":"publish","type":"product","link":"https:\/\/baldumarket.lt\/lt\/product\/system-lamelo-la7-rtv-2d1s-czarny\/","title":{"rendered":"Sistema \u201eLAMELO\u201c LA7 (RTV 2D1S) \u2013 juoda"},"content":{"rendered":"<p>Televizoriaus spintel\u0117 su dviem durel\u0117mis, vienu stal\u010diumi ir lentyna. Med\u017eiaga: korpusas: 16 mm Wotan \u0105\u017euolo laminuota med\u017eio dro\u017eli\u0173 plok\u0161t\u0117, fasadas: 16 mm juodos matin\u0117s laminuotos med\u017eio dro\u017eli\u0173 plok\u0161t\u0117s, vir\u0161us: 22 mm Wotan \u0105\u017euolo laminuota med\u017eio dro\u017eli\u0173 plok\u0161t\u0117, galima kabinti ant sienos, vidus: 1 x lentyna, 1 x stal\u010dius ant b\u0117geli\u0173, plastikin\u0117 rankena, PVC kra\u0161tas.<\/p>","protected":false},"excerpt":{"rendered":"<p>Televizoriaus spintel\u0117 su dviem durel\u0117mis, vienu stal\u010diumi ir lentyna. Med\u017eiaga: korpusas: 16 mm Wotan \u0105\u017euolo laminuota med\u017eio dro\u017eli\u0173 plok\u0161t\u0117, fasadas: 16 mm juodos matin\u0117s laminuotos med\u017eio dro\u017eli\u0173 plok\u0161t\u0117s, vir\u0161us: 22 mm Wotan \u0105\u017euolo laminuota med\u017eio dro\u017eli\u0173 plok\u0161t\u0117, galima kabinti ant sienos, vidus: 1 x lentyna, 1 x stal\u010dius ant b\u0117geli\u0173, plastikin\u0117 rankena, PVC kra\u0161tas.<\/p>","protected":false},"featured_media":113522,"comment_status":"open","ping_status":"open","template":"","meta":[],"product_brand":[],"product_cat":[9286,2455,1175],"product_tag":[],"class_list":{"0":"post-113521","1":"product","2":"type-product","3":"status-publish","4":"has-post-thumbnail","6":"product_cat-furniture-system-lamelo-dolmar","7":"product_cat-dolmar","8":"product_cat-tv-stands","10":"first","11":"instock","12":"purchasable","13":"product-type-simple"},"_links":{"self":[{"href":"https:\/\/baldumarket.lt\/lt\/wp-json\/wp\/v2\/product\/113521","targetHints":{"allow":["GET"]}}],"collection":[{"href":"https:\/\/baldumarket.lt\/lt\/wp-json\/wp\/v2\/product"}],"about":[{"href":"https:\/\/baldumarket.lt\/lt\/wp-json\/wp\/v2\/types\/product"}],"replies":[{"embeddable":true,"href":"https:\/\/baldumarket.lt\/lt\/wp-json\/wp\/v2\/comments?post=113521"}],"wp:featuredmedia":[{"embeddable":true,"href":"https:\/\/baldumarket.lt\/lt\/wp-json\/wp\/v2\/media\/113522"}],"wp:attachment":[{"href":"https:\/\/baldumarket.lt\/lt\/wp-json\/wp\/v2\/media?parent=113521"}],"wp:term":[{"taxonomy":"product_brand","embeddable":true,"href":"https:\/\/baldumarket.lt\/lt\/wp-json\/wp\/v2\/product_brand?post=113521"},{"taxonomy":"product_cat","embeddable":true,"href":"https:\/\/baldumarket.lt\/lt\/wp-json\/wp\/v2\/product_cat?post=113521"},{"taxonomy":"product_tag","embeddable":true,"href":"https:\/\/baldumarket.lt\/lt\/wp-json\/wp\/v2\/product_tag?post=113521"}],"curies":[{"name":"wp","href":"https:\/\/api.w.org\/{rel}","templated":true}]}}