{"id":113515,"date":"2025-12-10T03:00:14","date_gmt":"2025-12-10T00:00:14","guid":{"rendered":"https:\/\/baldumarket.lt\/product\/system-lamelo-la5-komoda-1d4s-czarny\/"},"modified":"2026-02-03T23:41:23","modified_gmt":"2026-02-03T20:41:23","slug":"system-lamelo-la5-komoda-1d4s-czarny","status":"publish","type":"product","link":"https:\/\/baldumarket.lt\/lt\/product\/system-lamelo-la5-komoda-1d4s-czarny\/","title":{"rendered":"Sistema \u201eLAMELO\u201c LA5 (Komodos 1D4S) \u2013 juoda"},"content":{"rendered":"<p>Komoda su vienomis durel\u0117mis ir keturiais stal\u010diais. Pagaminta i\u0161: korpuso: 16 mm Wotan \u0105\u017euolo laminuotos med\u017eio dro\u017eli\u0173 plok\u0161t\u0117s, fasado: 16 mm juodos matin\u0117s laminuotos med\u017eio dro\u017eli\u0173 plok\u0161t\u0117s, vir\u0161aus: 22 mm Wotan \u0105\u017euolo laminuotos med\u017eio dro\u017eli\u0173 plok\u0161t\u0117s, vidaus: 1 lentyna, 4 stal\u010diai ant b\u0117geli\u0173, plastikin\u0117s rankenos, PVC kra\u0161to.<\/p>","protected":false},"excerpt":{"rendered":"<p>Komoda su vienomis durel\u0117mis ir keturiais stal\u010diais. Pagaminta i\u0161: korpuso: 16 mm Wotan \u0105\u017euolo laminuotos med\u017eio dro\u017eli\u0173 plok\u0161t\u0117s, fasado: 16 mm juodos matin\u0117s laminuotos med\u017eio dro\u017eli\u0173 plok\u0161t\u0117s, vir\u0161aus: 22 mm Wotan \u0105\u017euolo laminuotos med\u017eio dro\u017eli\u0173 plok\u0161t\u0117s, vidaus: 1 lentyna, 4 stal\u010diai ant b\u0117geli\u0173, plastikin\u0117s rankenos, PVC kra\u0161to.<\/p>","protected":false},"featured_media":113516,"comment_status":"open","ping_status":"open","template":"","meta":[],"product_brand":[],"product_cat":[9286,1173,2455],"product_tag":[],"class_list":{"0":"post-113515","1":"product","2":"type-product","3":"status-publish","4":"has-post-thumbnail","6":"product_cat-furniture-system-lamelo-dolmar","7":"product_cat-chests-of-drawers","8":"product_cat-dolmar","10":"first","11":"instock","12":"purchasable","13":"product-type-simple"},"_links":{"self":[{"href":"https:\/\/baldumarket.lt\/lt\/wp-json\/wp\/v2\/product\/113515","targetHints":{"allow":["GET"]}}],"collection":[{"href":"https:\/\/baldumarket.lt\/lt\/wp-json\/wp\/v2\/product"}],"about":[{"href":"https:\/\/baldumarket.lt\/lt\/wp-json\/wp\/v2\/types\/product"}],"replies":[{"embeddable":true,"href":"https:\/\/baldumarket.lt\/lt\/wp-json\/wp\/v2\/comments?post=113515"}],"wp:featuredmedia":[{"embeddable":true,"href":"https:\/\/baldumarket.lt\/lt\/wp-json\/wp\/v2\/media\/113516"}],"wp:attachment":[{"href":"https:\/\/baldumarket.lt\/lt\/wp-json\/wp\/v2\/media?parent=113515"}],"wp:term":[{"taxonomy":"product_brand","embeddable":true,"href":"https:\/\/baldumarket.lt\/lt\/wp-json\/wp\/v2\/product_brand?post=113515"},{"taxonomy":"product_cat","embeddable":true,"href":"https:\/\/baldumarket.lt\/lt\/wp-json\/wp\/v2\/product_cat?post=113515"},{"taxonomy":"product_tag","embeddable":true,"href":"https:\/\/baldumarket.lt\/lt\/wp-json\/wp\/v2\/product_tag?post=113515"}],"curies":[{"name":"wp","href":"https:\/\/api.w.org\/{rel}","templated":true}]}}