{"id":113513,"date":"2025-12-10T03:00:12","date_gmt":"2025-12-10T00:00:12","guid":{"rendered":"https:\/\/baldumarket.lt\/product\/system-lorento-l6-komoda-d4-s-dab-nash\/"},"modified":"2026-02-03T23:41:23","modified_gmt":"2026-02-03T20:41:23","slug":"system-lorento-l6-komoda-d4-s-dab-nash","status":"publish","type":"product","link":"https:\/\/baldumarket.lt\/lt\/product\/system-lorento-l6-komoda-d4-s-dab-nash\/","title":{"rendered":"&#8220;LORENTO&#8221; L6 sistema (D4 S komoda) &#8211; \u0105\u017euolo spalvos ne\u0161varaus med\u017eio dro\u017eli\u0173 plok\u0161t\u0117"},"content":{"rendered":"<p>\u201cLORENTO\u201d L6 sistema (D4 S komoda) \u2013 Spalva: \u0105\u017euolas be \u0105\u017euolo<\/p>","protected":false},"excerpt":{"rendered":"<p>\u201cLORENTO\u201d L6 sistema (D4 S komoda) \u2013 Spalva: \u0105\u017euolas be \u0105\u017euolo<\/p>","protected":false},"featured_media":113514,"comment_status":"open","ping_status":"open","template":"","meta":[],"product_brand":[],"product_cat":[9289,1173,2455],"product_tag":[],"class_list":{"0":"post-113513","1":"product","2":"type-product","3":"status-publish","4":"has-post-thumbnail","6":"product_cat-furniture-system-lorento-dolmar","7":"product_cat-chests-of-drawers","8":"product_cat-dolmar","10":"first","11":"instock","12":"purchasable","13":"product-type-simple"},"_links":{"self":[{"href":"https:\/\/baldumarket.lt\/lt\/wp-json\/wp\/v2\/product\/113513","targetHints":{"allow":["GET"]}}],"collection":[{"href":"https:\/\/baldumarket.lt\/lt\/wp-json\/wp\/v2\/product"}],"about":[{"href":"https:\/\/baldumarket.lt\/lt\/wp-json\/wp\/v2\/types\/product"}],"replies":[{"embeddable":true,"href":"https:\/\/baldumarket.lt\/lt\/wp-json\/wp\/v2\/comments?post=113513"}],"wp:featuredmedia":[{"embeddable":true,"href":"https:\/\/baldumarket.lt\/lt\/wp-json\/wp\/v2\/media\/113514"}],"wp:attachment":[{"href":"https:\/\/baldumarket.lt\/lt\/wp-json\/wp\/v2\/media?parent=113513"}],"wp:term":[{"taxonomy":"product_brand","embeddable":true,"href":"https:\/\/baldumarket.lt\/lt\/wp-json\/wp\/v2\/product_brand?post=113513"},{"taxonomy":"product_cat","embeddable":true,"href":"https:\/\/baldumarket.lt\/lt\/wp-json\/wp\/v2\/product_cat?post=113513"},{"taxonomy":"product_tag","embeddable":true,"href":"https:\/\/baldumarket.lt\/lt\/wp-json\/wp\/v2\/product_tag?post=113513"}],"curies":[{"name":"wp","href":"https:\/\/api.w.org\/{rel}","templated":true}]}}