{"id":113507,"date":"2025-12-10T03:00:06","date_gmt":"2025-12-10T00:00:06","guid":{"rendered":"https:\/\/baldumarket.lt\/product\/system-lorento-l14-szafa-d-dab-nash\/"},"modified":"2026-02-03T23:41:23","modified_gmt":"2026-02-03T20:41:23","slug":"system-lorento-l14-szafa-d-dab-nash","status":"publish","type":"product","link":"https:\/\/baldumarket.lt\/lt\/product\/system-lorento-l14-szafa-d-dab-nash\/","title":{"rendered":"Sistema \u201eLORENTO\u201c L14 (Spinta D) \u2013 \u0105\u017euolo spalvos"},"content":{"rendered":"<p>Sistema \u201cLORENTO\u201d L14 (Spinta D) \u2013 Spalva: \u0105\u017euolas be \u0105\u017euolo<\/p>","protected":false},"excerpt":{"rendered":"<p>Sistema \u201cLORENTO\u201d L14 (Spinta D) \u2013 Spalva: \u0105\u017euolas be \u0105\u017euolo<\/p>","protected":false},"featured_media":113508,"comment_status":"open","ping_status":"open","template":"","meta":[],"product_brand":[],"product_cat":[9289,2455,1177],"product_tag":[],"class_list":{"0":"post-113507","1":"product","2":"type-product","3":"status-publish","4":"has-post-thumbnail","6":"product_cat-furniture-system-lorento-dolmar","7":"product_cat-dolmar","8":"product_cat-wardrobes","10":"first","11":"instock","12":"purchasable","13":"product-type-simple"},"_links":{"self":[{"href":"https:\/\/baldumarket.lt\/lt\/wp-json\/wp\/v2\/product\/113507","targetHints":{"allow":["GET"]}}],"collection":[{"href":"https:\/\/baldumarket.lt\/lt\/wp-json\/wp\/v2\/product"}],"about":[{"href":"https:\/\/baldumarket.lt\/lt\/wp-json\/wp\/v2\/types\/product"}],"replies":[{"embeddable":true,"href":"https:\/\/baldumarket.lt\/lt\/wp-json\/wp\/v2\/comments?post=113507"}],"wp:featuredmedia":[{"embeddable":true,"href":"https:\/\/baldumarket.lt\/lt\/wp-json\/wp\/v2\/media\/113508"}],"wp:attachment":[{"href":"https:\/\/baldumarket.lt\/lt\/wp-json\/wp\/v2\/media?parent=113507"}],"wp:term":[{"taxonomy":"product_brand","embeddable":true,"href":"https:\/\/baldumarket.lt\/lt\/wp-json\/wp\/v2\/product_brand?post=113507"},{"taxonomy":"product_cat","embeddable":true,"href":"https:\/\/baldumarket.lt\/lt\/wp-json\/wp\/v2\/product_cat?post=113507"},{"taxonomy":"product_tag","embeddable":true,"href":"https:\/\/baldumarket.lt\/lt\/wp-json\/wp\/v2\/product_tag?post=113507"}],"curies":[{"name":"wp","href":"https:\/\/api.w.org\/{rel}","templated":true}]}}