{"id":113437,"date":"2025-12-10T02:59:01","date_gmt":"2025-12-09T23:59:01","guid":{"rendered":"https:\/\/baldumarket.lt\/product\/lozko-darek-sosna-barwiona-na-orzech\/"},"modified":"2026-02-03T23:41:27","modified_gmt":"2026-02-03T20:41:27","slug":"lozko-darek-sosna-barwiona-na-orzech","status":"publish","type":"product","link":"https:\/\/baldumarket.lt\/lt\/product\/lozko-darek-sosna-barwiona-na-orzech\/","title":{"rendered":"Lova \u201eDAREK\u201c \u2013 rie\u0161utmed\u017eio spalvos pu\u0161is"},"content":{"rendered":"<p>\u0160iai lovai tinkami \u010diu\u017einiai:<\/p>\n<p>190 x 80 x 8 P<br \/>\nPUT\u0172 \u010cIU\u017dINIS<\/p>\n<p>190 x 80 x 8 coli\u0173<br \/>\nPUT\u0172 + LATEKSO \u010cIU\u017dINIS<\/p>\n<p>190 x 80 x 8 vnt.<br \/>\nPUT\u0172 + KOKOS\u0172 \u010cIU\u017dINYS<\/p>\n<p>190 x 80 x 12 B<br \/>\nBONEL \u010cIU\u017dINIS<\/p>\n<p>190 x 80 x 12 MBL<br \/>\nVIENPUSIS MINI-BONEL \u010cIU\u017dINYS + LATEKSAS<\/p>\n<p>190 x 80 x 12 MBK<br \/>\nVIENPUSIS MINI-BONEL \u010cIU\u017dINYS + KOKOSAS<\/p>","protected":false},"excerpt":{"rendered":"<p>\u0160iai lovai tinkami \u010diu\u017einiai: 190 x 80 x 8 P PUT\u0172 POLITORINIS \u010cIU\u017dINYS 190 x 80 x 8 PL PUT\u0172 POLITORINIS + LATEKSO \u010cIU\u017dINYS 190 x 80 x 8 PK PUT\u0172 POLITORINIS + KOKOS\u0172 \u010cIU\u017dINYS 190 x 80 x 12 B BONEL \u010cIU\u017dINYS 190 x 80 x 12 MBL VIENPUSIS MINI-BONEL \u010cIU\u017dINYS + LATEKSO 190 x 80 [\u2026]<\/p>","protected":false},"featured_media":113438,"comment_status":"open","ping_status":"open","template":"","meta":[],"product_brand":[],"product_cat":[9282,505,2455],"product_tag":[],"class_list":{"0":"post-113437","1":"product","2":"type-product","3":"status-publish","4":"has-post-thumbnail","6":"product_cat-wooden-beds-dolmar","7":"product_cat-bedroom-beds","8":"product_cat-dolmar","10":"first","11":"instock","12":"purchasable","13":"product-type-simple"},"_links":{"self":[{"href":"https:\/\/baldumarket.lt\/lt\/wp-json\/wp\/v2\/product\/113437","targetHints":{"allow":["GET"]}}],"collection":[{"href":"https:\/\/baldumarket.lt\/lt\/wp-json\/wp\/v2\/product"}],"about":[{"href":"https:\/\/baldumarket.lt\/lt\/wp-json\/wp\/v2\/types\/product"}],"replies":[{"embeddable":true,"href":"https:\/\/baldumarket.lt\/lt\/wp-json\/wp\/v2\/comments?post=113437"}],"wp:featuredmedia":[{"embeddable":true,"href":"https:\/\/baldumarket.lt\/lt\/wp-json\/wp\/v2\/media\/113438"}],"wp:attachment":[{"href":"https:\/\/baldumarket.lt\/lt\/wp-json\/wp\/v2\/media?parent=113437"}],"wp:term":[{"taxonomy":"product_brand","embeddable":true,"href":"https:\/\/baldumarket.lt\/lt\/wp-json\/wp\/v2\/product_brand?post=113437"},{"taxonomy":"product_cat","embeddable":true,"href":"https:\/\/baldumarket.lt\/lt\/wp-json\/wp\/v2\/product_cat?post=113437"},{"taxonomy":"product_tag","embeddable":true,"href":"https:\/\/baldumarket.lt\/lt\/wp-json\/wp\/v2\/product_tag?post=113437"}],"curies":[{"name":"wp","href":"https:\/\/api.w.org\/{rel}","templated":true}]}}