{"id":113407,"date":"2025-12-10T02:58:34","date_gmt":"2025-12-09T23:58:34","guid":{"rendered":"https:\/\/baldumarket.lt\/product\/system-carini-ca12-dab-nash\/"},"modified":"2026-02-03T23:41:28","modified_gmt":"2026-02-03T20:41:28","slug":"system-carini-ca12-dab-nash","status":"publish","type":"product","link":"https:\/\/baldumarket.lt\/lt\/product\/system-carini-ca12-dab-nash\/","title":{"rendered":"Sistema \u201eCARINI\u201c CA12 \u2013 \u0105\u017euolo nat\u016bralumas"},"content":{"rendered":"<p>Sistema \u201cCARINI\u201d CA12 \u2013 Spalva: \u0105\u017euolo imitacija<\/p>","protected":false},"excerpt":{"rendered":"<p>Sistema \u201cCARINI\u201d CA12 \u2013 Spalva: \u0105\u017euolo imitacija<\/p>","protected":false},"featured_media":113408,"comment_status":"open","ping_status":"open","template":"","meta":[],"product_brand":[],"product_cat":[9284,1176,2455],"product_tag":[],"class_list":{"0":"post-113407","1":"product","2":"type-product","3":"status-publish","4":"has-post-thumbnail","6":"product_cat-furniture-system-carini-dolmar","7":"product_cat-bedside-tables","8":"product_cat-dolmar","10":"first","11":"instock","12":"purchasable","13":"product-type-simple"},"_links":{"self":[{"href":"https:\/\/baldumarket.lt\/lt\/wp-json\/wp\/v2\/product\/113407","targetHints":{"allow":["GET"]}}],"collection":[{"href":"https:\/\/baldumarket.lt\/lt\/wp-json\/wp\/v2\/product"}],"about":[{"href":"https:\/\/baldumarket.lt\/lt\/wp-json\/wp\/v2\/types\/product"}],"replies":[{"embeddable":true,"href":"https:\/\/baldumarket.lt\/lt\/wp-json\/wp\/v2\/comments?post=113407"}],"wp:featuredmedia":[{"embeddable":true,"href":"https:\/\/baldumarket.lt\/lt\/wp-json\/wp\/v2\/media\/113408"}],"wp:attachment":[{"href":"https:\/\/baldumarket.lt\/lt\/wp-json\/wp\/v2\/media?parent=113407"}],"wp:term":[{"taxonomy":"product_brand","embeddable":true,"href":"https:\/\/baldumarket.lt\/lt\/wp-json\/wp\/v2\/product_brand?post=113407"},{"taxonomy":"product_cat","embeddable":true,"href":"https:\/\/baldumarket.lt\/lt\/wp-json\/wp\/v2\/product_cat?post=113407"},{"taxonomy":"product_tag","embeddable":true,"href":"https:\/\/baldumarket.lt\/lt\/wp-json\/wp\/v2\/product_tag?post=113407"}],"curies":[{"name":"wp","href":"https:\/\/api.w.org\/{rel}","templated":true}]}}