{"id":113399,"date":"2025-12-10T02:58:26","date_gmt":"2025-12-09T23:58:26","guid":{"rendered":"https:\/\/baldumarket.lt\/product\/lozko-borys-b3-dolne-sosna-na-biel\/"},"modified":"2026-02-03T23:41:28","modified_gmt":"2026-02-03T20:41:28","slug":"lozko-borys-b3-dolne-sosna-na-biel","status":"publish","type":"product","link":"https:\/\/baldumarket.lt\/lt\/product\/lozko-borys-b3-dolne-sosna-na-biel\/","title":{"rendered":"Lova \u201eBORYS B3\u201c (apatin\u0117) \u2013 pu\u0161is ant balto fono"},"content":{"rendered":"<p>Su lova suderinami \u010diu\u017einiai:<\/p>\n<p>197 x 90 x 8 P<br \/>\nPUT\u0172 \u010cIU\u017dINIS<\/p>\n<p>197 x 90 x 8 coli\u0173<br \/>\nPUT\u0172 + LATEKSO \u010cIU\u017dINIS<\/p>\n<p>197 x 90 x 8 vnt.<br \/>\nPUT\u0172 + KOKOS\u0172 \u010cIU\u017dINYS<\/p>","protected":false},"excerpt":{"rendered":"<p>Lovai tinkami \u010diu\u017einiai: 197 x 90 x 8 P PUT\u0172 POLISTROS CITRIN\u0172 \u010cIU\u017dINIS 197 x 90 x 8 PL PUT\u0172 POLISTROS CITRIN\u0172 + LATEKSO \u010cIU\u017dINIS 197 x 90 x 8 PAK. PUT\u0172 POLISTROS CITRIN\u0172 + KOKOS\u0172 \u010cIU\u017dINIS<\/p>","protected":false},"featured_media":113400,"comment_status":"open","ping_status":"open","template":"","meta":[],"product_brand":[],"product_cat":[9281,505,2455],"product_tag":[],"class_list":{"0":"post-113399","1":"product","2":"type-product","3":"status-publish","4":"has-post-thumbnail","6":"product_cat-beds-borys-dolmar","7":"product_cat-bedroom-beds","8":"product_cat-dolmar","10":"first","11":"instock","12":"purchasable","13":"product-type-simple"},"_links":{"self":[{"href":"https:\/\/baldumarket.lt\/lt\/wp-json\/wp\/v2\/product\/113399","targetHints":{"allow":["GET"]}}],"collection":[{"href":"https:\/\/baldumarket.lt\/lt\/wp-json\/wp\/v2\/product"}],"about":[{"href":"https:\/\/baldumarket.lt\/lt\/wp-json\/wp\/v2\/types\/product"}],"replies":[{"embeddable":true,"href":"https:\/\/baldumarket.lt\/lt\/wp-json\/wp\/v2\/comments?post=113399"}],"wp:featuredmedia":[{"embeddable":true,"href":"https:\/\/baldumarket.lt\/lt\/wp-json\/wp\/v2\/media\/113400"}],"wp:attachment":[{"href":"https:\/\/baldumarket.lt\/lt\/wp-json\/wp\/v2\/media?parent=113399"}],"wp:term":[{"taxonomy":"product_brand","embeddable":true,"href":"https:\/\/baldumarket.lt\/lt\/wp-json\/wp\/v2\/product_brand?post=113399"},{"taxonomy":"product_cat","embeddable":true,"href":"https:\/\/baldumarket.lt\/lt\/wp-json\/wp\/v2\/product_cat?post=113399"},{"taxonomy":"product_tag","embeddable":true,"href":"https:\/\/baldumarket.lt\/lt\/wp-json\/wp\/v2\/product_tag?post=113399"}],"curies":[{"name":"wp","href":"https:\/\/api.w.org\/{rel}","templated":true}]}}