{"id":113365,"date":"2025-12-10T02:57:54","date_gmt":"2025-12-09T23:57:54","guid":{"rendered":"https:\/\/baldumarket.lt\/product\/barierka-zabezpieczajaca-sosna-barwiona-na-orzech\/"},"modified":"2026-02-03T23:41:30","modified_gmt":"2026-02-03T20:41:30","slug":"barierka-zabezpieczajaca-sosna-barwiona-na-orzech","status":"publish","type":"product","link":"https:\/\/baldumarket.lt\/lt\/product\/barierka-zabezpieczajaca-sosna-barwiona-na-orzech\/","title":{"rendered":"Apsaugin\u0117 u\u017etvara \u2013 rie\u0161utmed\u017eio spalvos pu\u0161is"},"content":{"rendered":"<p>Apsauginis barjeras \u2013 Korpuso spalva: rie\u0161utmed\u017eio spalvos pu\u0161is<\/p>","protected":false},"excerpt":{"rendered":"<p>Apsauginis barjeras \u2013 Korpuso spalva: rie\u0161utmed\u017eio spalvos pu\u0161is<\/p>","protected":false},"featured_media":113366,"comment_status":"open","ping_status":"open","template":"","meta":[],"product_brand":[],"product_cat":[2455,1043],"product_tag":[],"class_list":{"0":"post-113365","1":"product","2":"type-product","3":"status-publish","4":"has-post-thumbnail","6":"product_cat-dolmar","7":"product_cat-extras","9":"first","10":"instock","11":"purchasable","12":"product-type-simple"},"_links":{"self":[{"href":"https:\/\/baldumarket.lt\/lt\/wp-json\/wp\/v2\/product\/113365","targetHints":{"allow":["GET"]}}],"collection":[{"href":"https:\/\/baldumarket.lt\/lt\/wp-json\/wp\/v2\/product"}],"about":[{"href":"https:\/\/baldumarket.lt\/lt\/wp-json\/wp\/v2\/types\/product"}],"replies":[{"embeddable":true,"href":"https:\/\/baldumarket.lt\/lt\/wp-json\/wp\/v2\/comments?post=113365"}],"wp:featuredmedia":[{"embeddable":true,"href":"https:\/\/baldumarket.lt\/lt\/wp-json\/wp\/v2\/media\/113366"}],"wp:attachment":[{"href":"https:\/\/baldumarket.lt\/lt\/wp-json\/wp\/v2\/media?parent=113365"}],"wp:term":[{"taxonomy":"product_brand","embeddable":true,"href":"https:\/\/baldumarket.lt\/lt\/wp-json\/wp\/v2\/product_brand?post=113365"},{"taxonomy":"product_cat","embeddable":true,"href":"https:\/\/baldumarket.lt\/lt\/wp-json\/wp\/v2\/product_cat?post=113365"},{"taxonomy":"product_tag","embeddable":true,"href":"https:\/\/baldumarket.lt\/lt\/wp-json\/wp\/v2\/product_tag?post=113365"}],"curies":[{"name":"wp","href":"https:\/\/api.w.org\/{rel}","templated":true}]}}