{"id":113343,"date":"2025-12-10T02:57:35","date_gmt":"2025-12-09T23:57:35","guid":{"rendered":"https:\/\/baldumarket.lt\/product\/system-arca-ar2-regal-2d-biel-arktyczna-2\/"},"modified":"2026-02-03T23:41:30","modified_gmt":"2026-02-03T20:41:30","slug":"system-arca-ar2-regal-2d-biel-arktyczna-2","status":"publish","type":"product","link":"https:\/\/baldumarket.lt\/lt\/product\/system-arca-ar2-regal-2d-biel-arktyczna-2\/","title":{"rendered":"\u201eARCA\u201c AR2 sistema (2D lentyna) \u2013 Arkties balta"},"content":{"rendered":"<p>Dvidur\u0117 spinta su viena lentyna ir skersiniu. Med\u017eiaga: korpusas: 16 mm Wotan \u0105\u017euolo laminuota med\u017eio dro\u017eli\u0173 plok\u0161t\u0117, fasadas: 16 mm Arctic White med\u017eio dro\u017eli\u0173 plok\u0161t\u0117, vir\u0161us: 22 mm Wotan \u0105\u017euolo laminuota med\u017eio dro\u017eli\u0173 plok\u0161t\u0117, vidus: 1 x skersinis, 1 x lentyna, PVC kra\u0161tas.<\/p>","protected":false},"excerpt":{"rendered":"<p>Dvidur\u0117 spinta su viena lentyna ir skersiniu. Med\u017eiaga: korpusas: 16 mm Wotan \u0105\u017euolo laminuota med\u017eio dro\u017eli\u0173 plok\u0161t\u0117, fasadas: 16 mm Arctic White med\u017eio dro\u017eli\u0173 plok\u0161t\u0117, vir\u0161us: 22 mm Wotan \u0105\u017euolo laminuota med\u017eio dro\u017eli\u0173 plok\u0161t\u0117, vidus: 1 x skersinis, 1 x lentyna, PVC kra\u0161tas.<\/p>","protected":false},"featured_media":113344,"comment_status":"open","ping_status":"open","template":"","meta":[],"product_brand":[],"product_cat":[9283,2455,1987],"product_tag":[],"class_list":{"0":"post-113343","1":"product","2":"type-product","3":"status-publish","4":"has-post-thumbnail","6":"product_cat-furniture-system-arca-dolmar","7":"product_cat-dolmar","8":"product_cat-shelving-units","10":"first","11":"instock","12":"purchasable","13":"product-type-simple"},"_links":{"self":[{"href":"https:\/\/baldumarket.lt\/lt\/wp-json\/wp\/v2\/product\/113343","targetHints":{"allow":["GET"]}}],"collection":[{"href":"https:\/\/baldumarket.lt\/lt\/wp-json\/wp\/v2\/product"}],"about":[{"href":"https:\/\/baldumarket.lt\/lt\/wp-json\/wp\/v2\/types\/product"}],"replies":[{"embeddable":true,"href":"https:\/\/baldumarket.lt\/lt\/wp-json\/wp\/v2\/comments?post=113343"}],"wp:featuredmedia":[{"embeddable":true,"href":"https:\/\/baldumarket.lt\/lt\/wp-json\/wp\/v2\/media\/113344"}],"wp:attachment":[{"href":"https:\/\/baldumarket.lt\/lt\/wp-json\/wp\/v2\/media?parent=113343"}],"wp:term":[{"taxonomy":"product_brand","embeddable":true,"href":"https:\/\/baldumarket.lt\/lt\/wp-json\/wp\/v2\/product_brand?post=113343"},{"taxonomy":"product_cat","embeddable":true,"href":"https:\/\/baldumarket.lt\/lt\/wp-json\/wp\/v2\/product_cat?post=113343"},{"taxonomy":"product_tag","embeddable":true,"href":"https:\/\/baldumarket.lt\/lt\/wp-json\/wp\/v2\/product_tag?post=113343"}],"curies":[{"name":"wp","href":"https:\/\/api.w.org\/{rel}","templated":true}]}}