{"id":113325,"date":"2025-12-10T02:57:17","date_gmt":"2025-12-09T23:57:17","guid":{"rendered":"https:\/\/baldumarket.lt\/product\/system-arca-ar1-szafa-4d-biel-arktyczna\/"},"modified":"2026-02-03T23:41:31","modified_gmt":"2026-02-03T20:41:31","slug":"system-arca-ar1-szafa-4d-biel-arktyczna","status":"publish","type":"product","link":"https:\/\/baldumarket.lt\/lt\/product\/system-arca-ar1-szafa-4d-biel-arktyczna\/","title":{"rendered":"\u201eARCA\u201c AR1 sistema (4 dur\u0173 spinta) \u2013 Arkties balta"},"content":{"rendered":"<p>Dvidur\u0117 spinta su viena lentyna ir drabu\u017ei\u0173 kabykla. Med\u017eiagos: korpusas: 16 mm Arctic White med\u017eio dro\u017eli\u0173 plok\u0161t\u0117, priekis: 16 mm Arctic White med\u017eio dro\u017eli\u0173 plok\u0161t\u0117, vir\u0161us: 22 mm Arctic White laminuota med\u017eio dro\u017eli\u0173 plok\u0161t\u0117, vidus: 1 x drabu\u017ei\u0173 kabykla, 1 x lentyna, PVC apvadai.<br \/>\nID280715<\/p>","protected":false},"excerpt":{"rendered":"<p>Dvidur\u0117 spinta su viena lentyna ir drabu\u017ei\u0173 kabykla. Med\u017eiagos: korpusas: 16 mm Arctic White med\u017eio dro\u017eli\u0173 plok\u0161t\u0117, priekis: 16 mm Arctic White med\u017eio dro\u017eli\u0173 plok\u0161t\u0117, vir\u0161us: 22 mm Arctic White laminuota med\u017eio dro\u017eli\u0173 plok\u0161t\u0117, vidus: 1 x drabu\u017ei\u0173 kabykla, 1 x lentyna, PVC apvadai. ID280715<\/p>","protected":false},"featured_media":113326,"comment_status":"open","ping_status":"open","template":"","meta":[],"product_brand":[],"product_cat":[9283,2455,1177],"product_tag":[],"class_list":{"0":"post-113325","1":"product","2":"type-product","3":"status-publish","4":"has-post-thumbnail","6":"product_cat-furniture-system-arca-dolmar","7":"product_cat-dolmar","8":"product_cat-wardrobes","10":"first","11":"instock","12":"purchasable","13":"product-type-simple"},"_links":{"self":[{"href":"https:\/\/baldumarket.lt\/lt\/wp-json\/wp\/v2\/product\/113325","targetHints":{"allow":["GET"]}}],"collection":[{"href":"https:\/\/baldumarket.lt\/lt\/wp-json\/wp\/v2\/product"}],"about":[{"href":"https:\/\/baldumarket.lt\/lt\/wp-json\/wp\/v2\/types\/product"}],"replies":[{"embeddable":true,"href":"https:\/\/baldumarket.lt\/lt\/wp-json\/wp\/v2\/comments?post=113325"}],"wp:featuredmedia":[{"embeddable":true,"href":"https:\/\/baldumarket.lt\/lt\/wp-json\/wp\/v2\/media\/113326"}],"wp:attachment":[{"href":"https:\/\/baldumarket.lt\/lt\/wp-json\/wp\/v2\/media?parent=113325"}],"wp:term":[{"taxonomy":"product_brand","embeddable":true,"href":"https:\/\/baldumarket.lt\/lt\/wp-json\/wp\/v2\/product_brand?post=113325"},{"taxonomy":"product_cat","embeddable":true,"href":"https:\/\/baldumarket.lt\/lt\/wp-json\/wp\/v2\/product_cat?post=113325"},{"taxonomy":"product_tag","embeddable":true,"href":"https:\/\/baldumarket.lt\/lt\/wp-json\/wp\/v2\/product_tag?post=113325"}],"curies":[{"name":"wp","href":"https:\/\/api.w.org\/{rel}","templated":true}]}}