{"id":113305,"date":"2025-12-10T02:56:59","date_gmt":"2025-12-09T23:56:59","guid":{"rendered":"https:\/\/baldumarket.lt\/product\/materac-200x90-minibonel-jednostronnylateks\/"},"modified":"2026-02-03T23:41:32","modified_gmt":"2026-02-03T20:41:32","slug":"materac-200x90-minibonel-jednostronnylateks","status":"publish","type":"product","link":"https:\/\/baldumarket.lt\/lt\/product\/materac-200x90-minibonel-jednostronnylateks\/","title":{"rendered":"\u010ciu\u017einys 200&#215;90 mini bonell vienpusis + lateksas"},"content":{"rendered":"<p>Auk\u0161tis 12 cm<br \/>\nVienpusis mini kaulinis audinys + lateksas<\/p>","protected":false},"excerpt":{"rendered":"<p>Auk\u0161tis 12 cm Vienpusis mini kaulinis padas + lateksas<\/p>","protected":false},"featured_media":113306,"comment_status":"open","ping_status":"open","template":"","meta":[],"product_brand":[],"product_cat":[9297,2455,1099],"product_tag":[],"class_list":{"0":"post-113305","1":"product","2":"type-product","3":"status-publish","4":"has-post-thumbnail","6":"product_cat-mattresses-dolmar","7":"product_cat-dolmar","8":"product_cat-mattresses","10":"first","11":"instock","12":"purchasable","13":"product-type-simple"},"_links":{"self":[{"href":"https:\/\/baldumarket.lt\/lt\/wp-json\/wp\/v2\/product\/113305","targetHints":{"allow":["GET"]}}],"collection":[{"href":"https:\/\/baldumarket.lt\/lt\/wp-json\/wp\/v2\/product"}],"about":[{"href":"https:\/\/baldumarket.lt\/lt\/wp-json\/wp\/v2\/types\/product"}],"replies":[{"embeddable":true,"href":"https:\/\/baldumarket.lt\/lt\/wp-json\/wp\/v2\/comments?post=113305"}],"wp:featuredmedia":[{"embeddable":true,"href":"https:\/\/baldumarket.lt\/lt\/wp-json\/wp\/v2\/media\/113306"}],"wp:attachment":[{"href":"https:\/\/baldumarket.lt\/lt\/wp-json\/wp\/v2\/media?parent=113305"}],"wp:term":[{"taxonomy":"product_brand","embeddable":true,"href":"https:\/\/baldumarket.lt\/lt\/wp-json\/wp\/v2\/product_brand?post=113305"},{"taxonomy":"product_cat","embeddable":true,"href":"https:\/\/baldumarket.lt\/lt\/wp-json\/wp\/v2\/product_cat?post=113305"},{"taxonomy":"product_tag","embeddable":true,"href":"https:\/\/baldumarket.lt\/lt\/wp-json\/wp\/v2\/product_tag?post=113305"}],"curies":[{"name":"wp","href":"https:\/\/api.w.org\/{rel}","templated":true}]}}