{"id":113255,"date":"2025-12-10T02:56:09","date_gmt":"2025-12-09T23:56:09","guid":{"rendered":"https:\/\/baldumarket.lt\/product\/materac-200x120-pocketpianka-memory\/"},"modified":"2026-02-03T23:41:33","modified_gmt":"2026-02-03T20:41:33","slug":"materac-200x120-pocketpianka-memory","status":"publish","type":"product","link":"https:\/\/baldumarket.lt\/lt\/product\/materac-200x120-pocketpianka-memory\/","title":{"rendered":"\u010ciu\u017einys 200\u00d7120 su ki\u0161en\u0117mis ir viskoelastiniu u\u017epildu"},"content":{"rendered":"<p>Auk\u0161tis: 20 cm<br \/>\nTvirtumas: H3\/H3<br \/>\n\u010ciu\u017einio \u0161erdis yra ki\u0161enin\u0117s formos su 7 skirtingo kietumo zonomis.<br \/>\nKi\u0161en\u0117s formos \u0161erdis i\u0161 vienos pus\u0117s yra apsupta T25 poliuretano put\u0173, o i\u0161 kitos \u2013 T25 poliuretano put\u0173, sujungt\u0173 su \u201eVisco\u201c atminties putomis.<br \/>\n3 cm storio \u201eVisco\u201c viskoelastinis putplastis leid\u017eia \u010diu\u017einiui idealiai prisitaikyti prie k\u016bno form\u0173. \u0160iam \u010diu\u017einiui tinkan\u010dios lovos:<\/p>\n<p>Mossa 120\u00d7200<br \/>\nMink\u0161ta lova<\/p>\n<p>Kosma 120\u00d7200<br \/>\nPu\u0161is ant balto<\/p>\n<p>Kosma 120\u00d7200<br \/>\nPu\u0161is ant antracito<\/p>\n<p>Kosma 120\u00d7200<br \/>\nNat\u016brali pu\u0161is<\/p>\n<p>Kosma 120\u00d7200<br \/>\nPu\u0161is ant rie\u0161utmed\u017eio<\/p>\n<p>Marika 120\u00d7200<br \/>\nPu\u0161is ant balto<\/p>\n<p>Marika 120\u00d7200<br \/>\nPu\u0161is ant antracito<\/p>\n<p>Marika 120\u00d7200<br \/>\nNat\u016brali pu\u0161is<\/p>\n<p>Marika 120\u00d7200<br \/>\nPu\u0161is ant rie\u0161utmed\u017eio<\/p>\n<p>Roma 120\u00d7200<br \/>\nPu\u0161is ant balto<\/p>\n<p>Roma 120\u00d7200<br \/>\nPu\u0161is ant antracito<\/p>\n<p>Roma 120\u00d7200<br \/>\nNat\u016brali pu\u0161is<\/p>\n<p>Roma 120\u00d7200<br \/>\nPu\u0161is ant rie\u0161utmed\u017eio<\/p>\n<p>Laura 120\u00d7200<br \/>\nPu\u0161is ant balto<\/p>\n<p>Laura 120\u00d7200<br \/>\nPu\u0161is ant antracito<\/p>","protected":false},"excerpt":{"rendered":"<p>Auk\u0161tis: 20 cm Kietumas: H3\/H3 \u010ciu\u017einio \u0161erdis yra ki\u0161en\u0117s formos su 7 skirtingo kietumo zonomis. Ki\u0161en\u0117s formos \u0161erd\u012f i\u0161 vienos pus\u0117s gaubia T25 poliuretano putos, o i\u0161 kitos \u2013 T25 poliuretano putos kartu su \u201eVisco\u201c viskoelastin\u0117s putos. 3 cm storio \u201eVisco\u201c viskoelastin\u0117s putos leid\u017eia \u010diu\u017einiui [\u2026]<\/p>","protected":false},"featured_media":113256,"comment_status":"open","ping_status":"open","template":"","meta":[],"product_brand":[],"product_cat":[9297,2455,1099],"product_tag":[],"class_list":{"0":"post-113255","1":"product","2":"type-product","3":"status-publish","4":"has-post-thumbnail","6":"product_cat-mattresses-dolmar","7":"product_cat-dolmar","8":"product_cat-mattresses","10":"first","11":"instock","12":"purchasable","13":"product-type-simple"},"_links":{"self":[{"href":"https:\/\/baldumarket.lt\/lt\/wp-json\/wp\/v2\/product\/113255","targetHints":{"allow":["GET"]}}],"collection":[{"href":"https:\/\/baldumarket.lt\/lt\/wp-json\/wp\/v2\/product"}],"about":[{"href":"https:\/\/baldumarket.lt\/lt\/wp-json\/wp\/v2\/types\/product"}],"replies":[{"embeddable":true,"href":"https:\/\/baldumarket.lt\/lt\/wp-json\/wp\/v2\/comments?post=113255"}],"wp:featuredmedia":[{"embeddable":true,"href":"https:\/\/baldumarket.lt\/lt\/wp-json\/wp\/v2\/media\/113256"}],"wp:attachment":[{"href":"https:\/\/baldumarket.lt\/lt\/wp-json\/wp\/v2\/media?parent=113255"}],"wp:term":[{"taxonomy":"product_brand","embeddable":true,"href":"https:\/\/baldumarket.lt\/lt\/wp-json\/wp\/v2\/product_brand?post=113255"},{"taxonomy":"product_cat","embeddable":true,"href":"https:\/\/baldumarket.lt\/lt\/wp-json\/wp\/v2\/product_cat?post=113255"},{"taxonomy":"product_tag","embeddable":true,"href":"https:\/\/baldumarket.lt\/lt\/wp-json\/wp\/v2\/product_tag?post=113255"}],"curies":[{"name":"wp","href":"https:\/\/api.w.org\/{rel}","templated":true}]}}