{"id":113187,"date":"2025-12-10T02:55:05","date_gmt":"2025-12-09T23:55:05","guid":{"rendered":"https:\/\/baldumarket.lt\/product\/materac-1602x80x200-pianka\/"},"modified":"2026-02-03T23:41:36","modified_gmt":"2026-02-03T20:41:36","slug":"materac-1602x80x200-pianka","status":"publish","type":"product","link":"https:\/\/baldumarket.lt\/lt\/product\/materac-1602x80x200-pianka\/","title":{"rendered":"\u010ciu\u017einys 160(2\u00d780)x200 put\u0173 poliuretano"},"content":{"rendered":"<p>Auk\u0161tis 8 cm<br \/>\nPutos<br \/>\n\u010ciu\u017einio plotis 2 \u00d7 80 cm (bendras plotis 160 cm)<br \/>\n\u010ciu\u017einys sujungtas per pus\u0119 si\u016bl\u0117mis (sulankstomas)<\/p>","protected":false},"excerpt":{"rendered":"<p>Height 8 cm Foam Mattress width 2&#215;80 cm (total width 160 cm) Mattress joined in half with stitching (foldable)<\/p>","protected":false},"featured_media":113188,"comment_status":"open","ping_status":"open","template":"","meta":[],"product_brand":[],"product_cat":[9297,2455,1099],"product_tag":[],"class_list":{"0":"post-113187","1":"product","2":"type-product","3":"status-publish","4":"has-post-thumbnail","6":"product_cat-mattresses-dolmar","7":"product_cat-dolmar","8":"product_cat-mattresses","10":"first","11":"instock","12":"purchasable","13":"product-type-simple"},"_links":{"self":[{"href":"https:\/\/baldumarket.lt\/lt\/wp-json\/wp\/v2\/product\/113187","targetHints":{"allow":["GET"]}}],"collection":[{"href":"https:\/\/baldumarket.lt\/lt\/wp-json\/wp\/v2\/product"}],"about":[{"href":"https:\/\/baldumarket.lt\/lt\/wp-json\/wp\/v2\/types\/product"}],"replies":[{"embeddable":true,"href":"https:\/\/baldumarket.lt\/lt\/wp-json\/wp\/v2\/comments?post=113187"}],"wp:featuredmedia":[{"embeddable":true,"href":"https:\/\/baldumarket.lt\/lt\/wp-json\/wp\/v2\/media\/113188"}],"wp:attachment":[{"href":"https:\/\/baldumarket.lt\/lt\/wp-json\/wp\/v2\/media?parent=113187"}],"wp:term":[{"taxonomy":"product_brand","embeddable":true,"href":"https:\/\/baldumarket.lt\/lt\/wp-json\/wp\/v2\/product_brand?post=113187"},{"taxonomy":"product_cat","embeddable":true,"href":"https:\/\/baldumarket.lt\/lt\/wp-json\/wp\/v2\/product_cat?post=113187"},{"taxonomy":"product_tag","embeddable":true,"href":"https:\/\/baldumarket.lt\/lt\/wp-json\/wp\/v2\/product_tag?post=113187"}],"curies":[{"name":"wp","href":"https:\/\/api.w.org\/{rel}","templated":true}]}}