{"id":113181,"date":"2025-12-10T02:54:59","date_gmt":"2025-12-09T23:54:59","guid":{"rendered":"https:\/\/baldumarket.lt\/product\/materac-190x80-bonel\/"},"modified":"2026-02-03T23:41:36","modified_gmt":"2026-02-03T20:41:36","slug":"materac-190x80-bonel","status":"publish","type":"product","link":"https:\/\/baldumarket.lt\/lt\/product\/materac-190x80-bonel\/","title":{"rendered":"\u010ciu\u017einys 190\u00d780 bonell"},"content":{"rendered":"<p>Auk\u0161tis 12 cm<br \/>\nBonnell spyruoklinis \u010diu\u017einys<\/p>","protected":false},"excerpt":{"rendered":"<p>Auk\u0161tis 12 cm Bonnell spyruoklinis \u010diu\u017einys<\/p>","protected":false},"featured_media":113182,"comment_status":"open","ping_status":"open","template":"","meta":[],"product_brand":[],"product_cat":[9297,2455,1099],"product_tag":[],"class_list":{"0":"post-113181","1":"product","2":"type-product","3":"status-publish","4":"has-post-thumbnail","6":"product_cat-mattresses-dolmar","7":"product_cat-dolmar","8":"product_cat-mattresses","10":"first","11":"instock","12":"purchasable","13":"product-type-simple"},"_links":{"self":[{"href":"https:\/\/baldumarket.lt\/lt\/wp-json\/wp\/v2\/product\/113181","targetHints":{"allow":["GET"]}}],"collection":[{"href":"https:\/\/baldumarket.lt\/lt\/wp-json\/wp\/v2\/product"}],"about":[{"href":"https:\/\/baldumarket.lt\/lt\/wp-json\/wp\/v2\/types\/product"}],"replies":[{"embeddable":true,"href":"https:\/\/baldumarket.lt\/lt\/wp-json\/wp\/v2\/comments?post=113181"}],"wp:featuredmedia":[{"embeddable":true,"href":"https:\/\/baldumarket.lt\/lt\/wp-json\/wp\/v2\/media\/113182"}],"wp:attachment":[{"href":"https:\/\/baldumarket.lt\/lt\/wp-json\/wp\/v2\/media?parent=113181"}],"wp:term":[{"taxonomy":"product_brand","embeddable":true,"href":"https:\/\/baldumarket.lt\/lt\/wp-json\/wp\/v2\/product_brand?post=113181"},{"taxonomy":"product_cat","embeddable":true,"href":"https:\/\/baldumarket.lt\/lt\/wp-json\/wp\/v2\/product_cat?post=113181"},{"taxonomy":"product_tag","embeddable":true,"href":"https:\/\/baldumarket.lt\/lt\/wp-json\/wp\/v2\/product_tag?post=113181"}],"curies":[{"name":"wp","href":"https:\/\/api.w.org\/{rel}","templated":true}]}}